{"id":298,"date":"2020-04-08T05:05:58","date_gmt":"2020-04-08T05:05:58","guid":{"rendered":"https:\/\/frogengineering.com\/?page_id=298"},"modified":"2025-08-06T11:06:30","modified_gmt":"2025-08-06T16:06:30","slug":"productos","status":"publish","type":"page","link":"https:\/\/frogengineering.com\/en\/productos","title":{"rendered":"Products"},"content":{"rendered":"<p>On our pages you will find most of the products used by telecom operators. Although we have a good variety of products, we focus more on their quality and cost \/ benefit than on having an exhaustive list of all available products. That said, the list is not closed. Our distributors sometimes ask us for things that are out of the ordinary, and based on those experiences, we add new products to the portfolio.<\/p>\n<p>&nbsp;<\/p>\n<p style=\"text-align: center;\"><a href=\"https:\/\/frogengineering.com\/wp-content\/uploads\/2023\/07\/Frog-Engineering-Product-Catalog-2023.pdf\">Catalogo General de Productos-2025<\/a><\/p>\n<p style=\"text-align: center;\"><a href=\"https:\/\/frogengineering.com\/en\/productos\/datacenters\/\">Data Centers<\/a><\/p>\n<p>&nbsp;<\/p>\n<p>&nbsp;<\/p>\n<p>&nbsp;<\/p>\n<p>&nbsp;<\/p>\n<p>&nbsp;<\/p>\n<p>&nbsp;<\/p>\n<p>&nbsp;<\/p>\n<p>&nbsp;<\/p>\n<p>&nbsp;<\/p>","protected":false},"excerpt":{"rendered":"<p>En nuestras p\u00e1ginas encontrar\u00e1n la mayor\u00eda de los productos utilizados en las redes de telecomunicaciones. Nuestro enfoque esta en los productos pasivos de alta calidad y costo\/beneficio favorable. No pretendemos una lista exhaustiva de todos los productos disponibles. Dicho esto, nuestra lista no est\u00e1 cerrada. Los distribuidores a veces nos piden cosas que se salen&#8230;<\/p>","protected":false},"author":3,"featured_media":0,"parent":0,"menu_order":0,"comment_status":"closed","ping_status":"closed","template":"","meta":{"footnotes":""},"class_list":["post-298","page","type-page","status-publish","hentry"],"jetpack_sharing_enabled":true,"_links":{"self":[{"href":"https:\/\/frogengineering.com\/en\/wp-json\/wp\/v2\/pages\/298","targetHints":{"allow":["GET"]}}],"collection":[{"href":"https:\/\/frogengineering.com\/en\/wp-json\/wp\/v2\/pages"}],"about":[{"href":"https:\/\/frogengineering.com\/en\/wp-json\/wp\/v2\/types\/page"}],"author":[{"embeddable":true,"href":"https:\/\/frogengineering.com\/en\/wp-json\/wp\/v2\/users\/3"}],"replies":[{"embeddable":true,"href":"https:\/\/frogengineering.com\/en\/wp-json\/wp\/v2\/comments?post=298"}],"version-history":[{"count":27,"href":"https:\/\/frogengineering.com\/en\/wp-json\/wp\/v2\/pages\/298\/revisions"}],"predecessor-version":[{"id":4822,"href":"https:\/\/frogengineering.com\/en\/wp-json\/wp\/v2\/pages\/298\/revisions\/4822"}],"wp:attachment":[{"href":"https:\/\/frogengineering.com\/en\/wp-json\/wp\/v2\/media?parent=298"}],"curies":[{"name":"wp","href":"https:\/\/api.w.org\/{rel}","templated":true}]}}