{"id":308,"date":"2020-04-08T05:23:27","date_gmt":"2020-04-08T05:23:27","guid":{"rendered":"https:\/\/frogengineering.com\/?page_id=308"},"modified":"2024-12-19T17:42:32","modified_gmt":"2024-12-19T22:42:32","slug":"acerca-de-frog","status":"publish","type":"page","link":"https:\/\/frogengineering.com\/en\/","title":{"rendered":"About Frog"},"content":{"rendered":"<p style=\"text-align: left;\">Equipment provider company for the Telecommunications and Information Technology (IT) sector. The products are manufactured under the trademark FROG ENGINEERING.<\/p>\n<p>Our clients are:<\/p>\n<ul>\n<li>Service Providers (MSO)<\/li>\n<li>Enterprise<\/li>\n<li>Industrial sector<\/li>\n<\/ul>\n<p>Located in Florida, US, our most important markets are the United States and Latin America<\/p>\n<p>We have a technical-commercial team with more than 40 years of experience in these areas, to provide support to the entire region.<\/p>\n<p>&nbsp;<\/p>\n<p><strong>\u00a0\u00a0Why Frog?<\/strong><\/p>\n<ul>\n<li>At Frog, we never sacrifice the build quality of the products we sell to arrive at a certain price.<\/li>\n<li>Quality is the first parameter of choice. With a very high cost-benefit ratio, we offer competitive prices on high-performance products.<\/li>\n<li>Our solutions are modular and scalable. Our clients can plan according to their current needs and budget. They are guaranteed the freedom to evolve and grow the initial investment according to the evolution of each project.<\/li>\n<li>We have the ability to customize products if the client requires it.<\/li>\n<li>We work based on international standards to guarantee our clients the possibility of integration and technological independence.<\/li>\n<\/ul>\n<p><strong>\u00a0<\/strong><strong>\u00a0Mission:<\/strong><\/p>\n<p>Build long-term relationships with our clients and provide exceptional service through offerings of innovation and advanced technology.<\/p>\n<p><strong>\u00a0Core values:<\/strong><\/p>\n<ul>\n<li>We believe in treating our clients with respect.<\/li>\n<li>We grow through creativity, invention and innovation.<\/li>\n<li>We include honesty, integrity, and business ethics in all aspects of our company operations.<\/li>\n<\/ul>\n<p>&nbsp;<\/p>","protected":false},"excerpt":{"rendered":"<p>Empresa proveedora de productos para el sector de las Telecomunicaciones e Informaci\u00f3n Tecnol\u00f3gica (IT). Los productos se fabrican bajo la marca registrada FROG ENGINEERING. Nuestros clientes son: Proveedores de servicios (MSO) Mercado empresarial Sector industrial Ubicados en La Florida, US, nuestros mercados m\u00e1s importantes son Estados Unidos y Am\u00e9rica Latina Contamos con equipo t\u00e9cnico-comercial con&#8230;<\/p>","protected":false},"author":3,"featured_media":0,"parent":0,"menu_order":0,"comment_status":"closed","ping_status":"closed","template":"","meta":{"footnotes":""},"class_list":["post-308","page","type-page","status-publish","hentry"],"jetpack_sharing_enabled":true,"_links":{"self":[{"href":"https:\/\/frogengineering.com\/en\/wp-json\/wp\/v2\/pages\/308","targetHints":{"allow":["GET"]}}],"collection":[{"href":"https:\/\/frogengineering.com\/en\/wp-json\/wp\/v2\/pages"}],"about":[{"href":"https:\/\/frogengineering.com\/en\/wp-json\/wp\/v2\/types\/page"}],"author":[{"embeddable":true,"href":"https:\/\/frogengineering.com\/en\/wp-json\/wp\/v2\/users\/3"}],"replies":[{"embeddable":true,"href":"https:\/\/frogengineering.com\/en\/wp-json\/wp\/v2\/comments?post=308"}],"version-history":[{"count":31,"href":"https:\/\/frogengineering.com\/en\/wp-json\/wp\/v2\/pages\/308\/revisions"}],"predecessor-version":[{"id":455,"href":"https:\/\/frogengineering.com\/en\/wp-json\/wp\/v2\/pages\/308\/revisions\/455"}],"wp:attachment":[{"href":"https:\/\/frogengineering.com\/en\/wp-json\/wp\/v2\/media?parent=308"}],"curies":[{"name":"wp","href":"https:\/\/api.w.org\/{rel}","templated":true}]}}