{"id":341,"date":"2020-04-08T13:35:51","date_gmt":"2020-04-08T13:35:51","guid":{"rendered":"https:\/\/frogengineering.com\/?page_id=341"},"modified":"2021-08-12T16:20:51","modified_gmt":"2021-08-12T21:20:51","slug":"cierres-de-empalme","status":"publish","type":"page","link":"https:\/\/frogengineering.com\/en\/productos\/cierres-de-empalme","title":{"rendered":"Splice Enclosures"},"content":{"rendered":"<p>Disponemos de una amplia variedad de cierres de empalmes tanto con sellado de tipo mec\u00e1nico (m\u00e1s recomendado por nuestra compa\u00f1\u00eda) como del tipo termo encogible. Los mismos pueden ser tipo domo o cierres en l\u00ednea.<\/p>\n<p>We also have availability of plastic termination boxes, NAPs and end customer solutions.<\/p>\n<p>All our outside plant components include protection elements against UV rays and their harmful effect on plastic, as well as offering different degrees of IP protection depending on the sealing method.<\/p>\n<p style=\"text-align: center;\"><a href=\"https:\/\/frogengineering.com\/wp-content\/uploads\/2021\/07\/CIERRES-DE-EMPALME-CON-SELLADO-TERMOENCOGIBLE.pdf\">CIERRES DE EMPALME CON SELLADO TERMOENCOGIBLE<\/a><\/p>\n<p>&nbsp;<\/p>\n<p style=\"text-align: center;\"><a href=\"https:\/\/frogengineering.com\/wp-content\/uploads\/2020\/11\/GJS03-M8AX-JX.pdf\">GJS03-M8AX-JX DOMO SELLADO MECANICO<\/a><\/p>\n<p style=\"text-align: center;\"><a href=\"https:\/\/frogengineering.com\/wp-content\/uploads\/2020\/11\/GJS03-M9AX-JX.pdf\">GJS03-M9AX-JX DOMO SELLADO MECANICO<\/a><\/p>\n<p style=\"text-align: center;\"><a href=\"https:\/\/frogengineering.com\/wp-content\/uploads\/2021\/07\/GJS03-M10AX-JX-RPQ.pdf\">GJS03-M10AX-JX-RPQ DOMO SELLADO MECANICO<\/a><\/p>\n<p>&nbsp;<\/p>\n<p style=\"text-align: center;\"><a href=\"https:\/\/frogengineering.com\/wp-content\/uploads\/2021\/08\/GP01-H54JF4.pdf\">GP01-H54JF4 EN LINEA CON SELLADO MECANICO\u00a0<\/a><\/p>\n<p style=\"text-align: center;\"><a href=\"https:\/\/frogengineering.com\/wp-content\/uploads\/2021\/07\/GP01-H9-AND-H10-IN-LINE-MECHANICAL-ENCLOSURES.pdf\">GP01-H9 AND H10 EN LINEA CON SELLADO MECANICO<\/a><\/p>\n<p style=\"text-align: center;\"><a href=\"https:\/\/frogengineering.com\/wp-content\/uploads\/2021\/07\/GP01-H25JF4.pdf\">GP01-H25JF4 EN LINEA CON SELLADO MECANICO<\/a><\/p>\n<p>&nbsp;<\/p>\n<p style=\"text-align: center;\"><a href=\"https:\/\/frogengineering.com\/wp-content\/uploads\/2020\/10\/XAGA-550.pdf\">XAGA 500 COPPER SPLICE ENCLOSURE<\/a><\/p>\n<p style=\"text-align: center;\"><a href=\"https:\/\/frogengineering.com\/wp-content\/uploads\/2020\/10\/SLIC-Closures.pdf\">SLIC COPPER SPLICE ENCLOSURE<\/a><\/p>\n<p>&nbsp;<\/p>\n<p>.<\/p>\n<p>&nbsp;<\/p>","protected":false},"excerpt":{"rendered":"<p>Disponemos de una amplia variedad de cierres de empalmes tanto con sellado de tipo mec\u00e1nico (m\u00e1s recomendado por nuestra compa\u00f1\u00eda) como del tipo termo encogible. Los mismos pueden ser tipo domo o cierres en l\u00ednea. As\u00ed mismo tenemos disponibilidad de cajas de terminaci\u00f3n pl\u00e1sticas, NAPs y de cliente final. Todos nuestros componentes de planta externa&#8230;<\/p>","protected":false},"author":3,"featured_media":400,"parent":298,"menu_order":0,"comment_status":"closed","ping_status":"closed","template":"","meta":{"footnotes":""},"class_list":["post-341","page","type-page","status-publish","has-post-thumbnail","hentry"],"jetpack_sharing_enabled":true,"_links":{"self":[{"href":"https:\/\/frogengineering.com\/en\/wp-json\/wp\/v2\/pages\/341","targetHints":{"allow":["GET"]}}],"collection":[{"href":"https:\/\/frogengineering.com\/en\/wp-json\/wp\/v2\/pages"}],"about":[{"href":"https:\/\/frogengineering.com\/en\/wp-json\/wp\/v2\/types\/page"}],"author":[{"embeddable":true,"href":"https:\/\/frogengineering.com\/en\/wp-json\/wp\/v2\/users\/3"}],"replies":[{"embeddable":true,"href":"https:\/\/frogengineering.com\/en\/wp-json\/wp\/v2\/comments?post=341"}],"version-history":[{"count":18,"href":"https:\/\/frogengineering.com\/en\/wp-json\/wp\/v2\/pages\/341\/revisions"}],"predecessor-version":[{"id":4296,"href":"https:\/\/frogengineering.com\/en\/wp-json\/wp\/v2\/pages\/341\/revisions\/4296"}],"up":[{"embeddable":true,"href":"https:\/\/frogengineering.com\/en\/wp-json\/wp\/v2\/pages\/298"}],"wp:featuredmedia":[{"embeddable":true,"href":"https:\/\/frogengineering.com\/en\/wp-json\/wp\/v2\/media\/400"}],"wp:attachment":[{"href":"https:\/\/frogengineering.com\/en\/wp-json\/wp\/v2\/media?parent=341"}],"curies":[{"name":"wp","href":"https:\/\/api.w.org\/{rel}","templated":true}]}}