{"id":343,"date":"2020-04-08T13:36:09","date_gmt":"2020-04-08T13:36:09","guid":{"rendered":"https:\/\/frogengineering.com\/?page_id=343"},"modified":"2023-11-09T18:34:11","modified_gmt":"2023-11-09T23:34:11","slug":"herrajes","status":"publish","type":"page","link":"https:\/\/frogengineering.com\/en\/productos\/herrajes","title":{"rendered":"Hardware"},"content":{"rendered":"<p style=\"text-align: center;\">Hardware is not the first product to think of when planning a new network. Typically, it is the active products that get the full attention of planning engineers. That said, without proper planning and installation of fiber optic cables, and this in many cases includes hanging the network of cables from poles located on the street, we do not have communication.<\/p>\n<p style=\"text-align: center;\">Responding to a tender from one of our distributors, the end customer required both kilometers of fiber optics and the corresponding hardware to hang it on a pole. We were able to supply the fiber, but we had to find a hardware supplier. This is where we realized the convenience of having this line of products and when we decided to incorporate them into our portfolio.<\/p>\n<p>&nbsp;<\/p>\n<p style=\"text-align: center;\"><a href=\"https:\/\/frogengineering.com\/wp-content\/uploads\/2023\/11\/2023-Catalogo-de-Herrajes.pdf\">2023 Catalogo de herrajes<\/a><\/p>\n<p style=\"text-align: center;\"><a href=\"https:\/\/frogengineering.com\/wp-content\/uploads\/2021\/06\/FE-ALSUP-TYPEX.pdf\">ADSS Suspension clamp<\/a><\/p>\n<p style=\"text-align: center;\"><a href=\"https:\/\/frogengineering.com\/wp-content\/uploads\/2020\/04\/ADSS-Suspension-Hardware-Drawings.pdf\">ADSS Suspension kit<\/a><\/p>\n<p style=\"text-align: center;\"><a href=\"https:\/\/frogengineering.com\/wp-content\/uploads\/2020\/04\/ADSS-Tension-Hardware-Drawings.pdf\">Kit de tension de cable ADSS<\/a><\/p>\n<p style=\"text-align: center;\"><a href=\"https:\/\/frogengineering.com\/wp-content\/uploads\/2020\/07\/SPLICE-STRANDS-FE-SPSTR1-4.pdf\">SPLICE STRANDS FE-SPSTR1-4<\/a><\/p>\n<p style=\"text-align: center;\"><a href=\"https:\/\/frogengineering.com\/wp-content\/uploads\/2020\/07\/DEAD-END-FE-DE-ADSS-0403.pdf\">DEAD END FE-DE-ADSS-0403<\/a><\/p>\n<p style=\"text-align: center;\"><a href=\"https:\/\/frogengineering.com\/wp-content\/uploads\/2020\/04\/Cable-clamp-SP.pdf\">Cable clamp SP<\/a><\/p>\n<p style=\"text-align: center;\"><a href=\"https:\/\/frogengineering.com\/wp-content\/uploads\/2020\/04\/SS-Banding-System.pdf\">SS Banding System<\/a><\/p>\n<p style=\"text-align: center;\"><a href=\"https:\/\/frogengineering.com\/wp-content\/uploads\/2021\/01\/TJY-660-H300.pdf\">Cross fiber cable storage TJY-660-H300<\/a><\/p>\n<p style=\"text-align: center;\"><a href=\"https:\/\/frogengineering.com\/wp-content\/uploads\/2021\/06\/CRUCETA-1.pdf\">Cross fiber storage Claro style<\/a><\/p>\n<p>&nbsp;<\/p>\n<p>&nbsp;<\/p>\n<p>&nbsp;<\/p>\n<p>&nbsp;<\/p>","protected":false},"excerpt":{"rendered":"<p>Los herrajes no son el primer producto en el que se piensa a la hora de planificar una nueva red. Normalmente, son los productos activos los que se llevan toda la atenci\u00f3n de los ingenieros de planificaci\u00f3n. Dicho esto, sin una correcta planificaci\u00f3n e instalaci\u00f3n de los cables de fibra \u00f3ptica, y esto en muchos&#8230;<\/p>","protected":false},"author":3,"featured_media":421,"parent":298,"menu_order":0,"comment_status":"closed","ping_status":"closed","template":"","meta":{"footnotes":""},"class_list":["post-343","page","type-page","status-publish","has-post-thumbnail","hentry"],"jetpack_sharing_enabled":true,"_links":{"self":[{"href":"https:\/\/frogengineering.com\/en\/wp-json\/wp\/v2\/pages\/343","targetHints":{"allow":["GET"]}}],"collection":[{"href":"https:\/\/frogengineering.com\/en\/wp-json\/wp\/v2\/pages"}],"about":[{"href":"https:\/\/frogengineering.com\/en\/wp-json\/wp\/v2\/types\/page"}],"author":[{"embeddable":true,"href":"https:\/\/frogengineering.com\/en\/wp-json\/wp\/v2\/users\/3"}],"replies":[{"embeddable":true,"href":"https:\/\/frogengineering.com\/en\/wp-json\/wp\/v2\/comments?post=343"}],"version-history":[{"count":24,"href":"https:\/\/frogengineering.com\/en\/wp-json\/wp\/v2\/pages\/343\/revisions"}],"predecessor-version":[{"id":4433,"href":"https:\/\/frogengineering.com\/en\/wp-json\/wp\/v2\/pages\/343\/revisions\/4433"}],"up":[{"embeddable":true,"href":"https:\/\/frogengineering.com\/en\/wp-json\/wp\/v2\/pages\/298"}],"wp:featuredmedia":[{"embeddable":true,"href":"https:\/\/frogengineering.com\/en\/wp-json\/wp\/v2\/media\/421"}],"wp:attachment":[{"href":"https:\/\/frogengineering.com\/en\/wp-json\/wp\/v2\/media?parent=343"}],"curies":[{"name":"wp","href":"https:\/\/api.w.org\/{rel}","templated":true}]}}