{"id":353,"date":"2020-04-08T13:50:47","date_gmt":"2020-04-08T13:50:47","guid":{"rendered":"https:\/\/frogengineering.com\/?page_id=353"},"modified":"2020-04-19T22:03:27","modified_gmt":"2020-04-19T22:03:27","slug":"componentes-opticos","status":"publish","type":"page","link":"https:\/\/frogengineering.com\/en\/productos\/componentes-opticos","title":{"rendered":"Optical Components"},"content":{"rendered":"<p style=\"text-align: center;\">In the implementation of modern fiber optic networks, in addition to using outside plant cables, there are a large number of products that allow us to route, divide and carry these signals to subscribers' homes.<\/p>\n<p>&nbsp;<\/p>\n<p style=\"text-align: center;\"><a href=\"https:\/\/frogengineering.com\/en\/productos\/cables-de-fibra-optica\/\">PATCHCORDS, PIGTAILS AND TRUNK CABLES<\/a><\/p>\n<p style=\"text-align: center;\"><a href=\"https:\/\/frogengineering.com\/en\/divisores-opticos\/\">OPTICAL SPLITTERS<\/a><\/p>\n<p style=\"text-align: center;\"><a href=\"https:\/\/frogengineering.com\/en\/atenuadores-opticos\/\">OPTICAL ATTENUATORS<\/a><\/p>\n<p style=\"text-align: center;\"><a href=\"https:\/\/frogengineering.com\/en\/conectores-de-campo\/\">FIELD TERMINATED CONNECTORS<\/a><\/p>\n<p style=\"text-align: center;\"><a href=\"https:\/\/frogengineering.com\/en\/cajas-de-terminacion\/\">TERMINATION BOXES<\/a><\/p>\n<p>&nbsp;<\/p>","protected":false},"excerpt":{"rendered":"<p>En la implementaci\u00f3n de las modernas redes de fibra \u00f3ptica, adem\u00e1s de utilizarse los cables de planta externa, hay una gran cantidad de productos que nos permiten enrutar, dividir y llevar estas se\u00f1ales hasta los domicilios de los abonados. &nbsp; PATCHCORDS, PIGTAILS Y CABLES TRUNK DIVISORES OPTICOS ATENUADORES OPTICOS CONECTORES DE CAMPO CAJAS DE TERMINACION&#8230;<\/p>","protected":false},"author":3,"featured_media":0,"parent":298,"menu_order":0,"comment_status":"closed","ping_status":"closed","template":"","meta":{"footnotes":""},"class_list":["post-353","page","type-page","status-publish","hentry"],"jetpack_sharing_enabled":true,"_links":{"self":[{"href":"https:\/\/frogengineering.com\/en\/wp-json\/wp\/v2\/pages\/353","targetHints":{"allow":["GET"]}}],"collection":[{"href":"https:\/\/frogengineering.com\/en\/wp-json\/wp\/v2\/pages"}],"about":[{"href":"https:\/\/frogengineering.com\/en\/wp-json\/wp\/v2\/types\/page"}],"author":[{"embeddable":true,"href":"https:\/\/frogengineering.com\/en\/wp-json\/wp\/v2\/users\/3"}],"replies":[{"embeddable":true,"href":"https:\/\/frogengineering.com\/en\/wp-json\/wp\/v2\/comments?post=353"}],"version-history":[{"count":7,"href":"https:\/\/frogengineering.com\/en\/wp-json\/wp\/v2\/pages\/353\/revisions"}],"predecessor-version":[{"id":641,"href":"https:\/\/frogengineering.com\/en\/wp-json\/wp\/v2\/pages\/353\/revisions\/641"}],"up":[{"embeddable":true,"href":"https:\/\/frogengineering.com\/en\/wp-json\/wp\/v2\/pages\/298"}],"wp:attachment":[{"href":"https:\/\/frogengineering.com\/en\/wp-json\/wp\/v2\/media?parent=353"}],"curies":[{"name":"wp","href":"https:\/\/api.w.org\/{rel}","templated":true}]}}