{"id":4304,"date":"2021-09-15T13:47:40","date_gmt":"2021-09-15T18:47:40","guid":{"rendered":"https:\/\/frogengineering.com\/?page_id=4304"},"modified":"2021-09-15T13:47:40","modified_gmt":"2021-09-15T18:47:40","slug":"odf-modular-panel-tipo-c","status":"publish","type":"page","link":"https:\/\/frogengineering.com\/en\/odf-modular-panel-tipo-c","title":{"rendered":"Modular ODF- C Type panel"},"content":{"rendered":"<p><img loading=\"lazy\" decoding=\"async\" data-attachment-id=\"4306\" data-permalink=\"https:\/\/frogengineering.com\/en\/odf-modular-panel-tipo-c\/attachment\/mirsan-product-catalog-2019-en-page-198-snapshot-02\" data-orig-file=\"https:\/\/frogengineering.com\/wp-content\/uploads\/2021\/09\/Mirsan-Product-Catalog-2019-En-Page-198-Snapshot-02.png\" data-orig-size=\"576,266\" data-comments-opened=\"1\" data-image-meta=\"{&quot;aperture&quot;:&quot;0&quot;,&quot;credit&quot;:&quot;&quot;,&quot;camera&quot;:&quot;&quot;,&quot;caption&quot;:&quot;&quot;,&quot;created_timestamp&quot;:&quot;0&quot;,&quot;copyright&quot;:&quot;&quot;,&quot;focal_length&quot;:&quot;0&quot;,&quot;iso&quot;:&quot;0&quot;,&quot;shutter_speed&quot;:&quot;0&quot;,&quot;title&quot;:&quot;&quot;,&quot;orientation&quot;:&quot;0&quot;}\" data-image-title=\"Mirsan Product Catalog 2019-En Page 198 Snapshot 02\" data-image-description=\"\" data-image-caption=\"\" data-large-file=\"https:\/\/frogengineering.com\/wp-content\/uploads\/2021\/09\/Mirsan-Product-Catalog-2019-En-Page-198-Snapshot-02.png\" class=\"alignnone size-full wp-image-4306 aligncenter\" src=\"https:\/\/frogengineering.com\/wp-content\/uploads\/2021\/09\/Mirsan-Product-Catalog-2019-En-Page-198-Snapshot-02.png\" alt=\"\" width=\"576\" height=\"266\" srcset=\"https:\/\/frogengineering.com\/wp-content\/uploads\/2021\/09\/Mirsan-Product-Catalog-2019-En-Page-198-Snapshot-02.png 576w, https:\/\/frogengineering.com\/wp-content\/uploads\/2021\/09\/Mirsan-Product-Catalog-2019-En-Page-198-Snapshot-02-300x139.png 300w, https:\/\/frogengineering.com\/wp-content\/uploads\/2021\/09\/Mirsan-Product-Catalog-2019-En-Page-198-Snapshot-02-18x8.png 18w\" sizes=\"auto, (max-width: 576px) 100vw, 576px\" \/><\/p>\n<p>&nbsp;<\/p>\n<p>Modular fiber panel with the option to offer termination or termination and splicing, depending on the cards chosen. Available in 3, 4 and 6RU to accommodate different densities. With smoked polycarbonate or metal door on the front of the chassis to give a professional finish to this line of ODFs. For installations in 19 or 21 inch open rack and in closed ETSI cabinet.<\/p>\n<p>&nbsp;<\/p>\n<p style=\"text-align: center;\"><a href=\"https:\/\/frogengineering.com\/wp-content\/uploads\/2021\/09\/Modular-ODF-C-Type-panel.pdf\">Modular ODF &#8211; C Type panel<\/a><\/p>","protected":false},"excerpt":{"rendered":"<p>&nbsp; Panel de fibra modular con la opci\u00f3n de ofrecer terminaci\u00f3n o terminaci\u00f3n y empalme, en funci\u00f3n de las tarjetas que se elijan. Disponibles en 3, 4 y 6RU para acomodar distintas densidades. Con puerta ahumada o met\u00e1lica en el frontal del chasis para dar un acabado profesional a esta l\u00ednea de ODFs. Para instalaciones&#8230;<\/p>","protected":false},"author":3,"featured_media":0,"parent":0,"menu_order":0,"comment_status":"closed","ping_status":"closed","template":"","meta":{"footnotes":""},"class_list":["post-4304","page","type-page","status-publish","hentry"],"jetpack_sharing_enabled":true,"_links":{"self":[{"href":"https:\/\/frogengineering.com\/en\/wp-json\/wp\/v2\/pages\/4304","targetHints":{"allow":["GET"]}}],"collection":[{"href":"https:\/\/frogengineering.com\/en\/wp-json\/wp\/v2\/pages"}],"about":[{"href":"https:\/\/frogengineering.com\/en\/wp-json\/wp\/v2\/types\/page"}],"author":[{"embeddable":true,"href":"https:\/\/frogengineering.com\/en\/wp-json\/wp\/v2\/users\/3"}],"replies":[{"embeddable":true,"href":"https:\/\/frogengineering.com\/en\/wp-json\/wp\/v2\/comments?post=4304"}],"version-history":[{"count":1,"href":"https:\/\/frogengineering.com\/en\/wp-json\/wp\/v2\/pages\/4304\/revisions"}],"predecessor-version":[{"id":4309,"href":"https:\/\/frogengineering.com\/en\/wp-json\/wp\/v2\/pages\/4304\/revisions\/4309"}],"wp:attachment":[{"href":"https:\/\/frogengineering.com\/en\/wp-json\/wp\/v2\/media?parent=4304"}],"curies":[{"name":"wp","href":"https:\/\/api.w.org\/{rel}","templated":true}]}}