{"id":553,"date":"2020-04-19T00:34:01","date_gmt":"2020-04-19T00:34:01","guid":{"rendered":"https:\/\/frogengineering.com\/?page_id=553"},"modified":"2021-03-26T19:10:28","modified_gmt":"2021-03-27T00:10:28","slug":"splitter-plc-de-fibra-desnuda","status":"publish","type":"page","link":"https:\/\/frogengineering.com\/en\/splitter-plc-de-fibra-desnuda","title":{"rendered":"PLC Splitter with bare fiber"},"content":{"rendered":"<p><img loading=\"lazy\" decoding=\"async\" data-attachment-id=\"595\" data-permalink=\"https:\/\/frogengineering.com\/en\/splitter-plc-de-fibra-desnuda\/attachment\/984061f473-jpg-240x240\" data-orig-file=\"https:\/\/frogengineering.com\/wp-content\/uploads\/2020\/04\/984061f473.jpg.240x240.jpg\" data-orig-size=\"240,240\" data-comments-opened=\"1\" data-image-meta=\"{&quot;aperture&quot;:&quot;0&quot;,&quot;credit&quot;:&quot;&quot;,&quot;camera&quot;:&quot;&quot;,&quot;caption&quot;:&quot;&quot;,&quot;created_timestamp&quot;:&quot;0&quot;,&quot;copyright&quot;:&quot;&quot;,&quot;focal_length&quot;:&quot;0&quot;,&quot;iso&quot;:&quot;0&quot;,&quot;shutter_speed&quot;:&quot;0&quot;,&quot;title&quot;:&quot;&quot;,&quot;orientation&quot;:&quot;0&quot;}\" data-image-title=\"984061f473.jpg.240&amp;#215;240\" data-image-description=\"\" data-image-caption=\"\" data-large-file=\"https:\/\/frogengineering.com\/wp-content\/uploads\/2020\/04\/984061f473.jpg.240x240.jpg\" class=\"alignnone size-full wp-image-595 aligncenter\" src=\"https:\/\/frogengineering.com\/wp-content\/uploads\/2020\/04\/984061f473.jpg.240x240.jpg\" alt=\"\" width=\"240\" height=\"240\" srcset=\"https:\/\/frogengineering.com\/wp-content\/uploads\/2020\/04\/984061f473.jpg.240x240.jpg 240w, https:\/\/frogengineering.com\/wp-content\/uploads\/2020\/04\/984061f473.jpg.240x240-150x150.jpg 150w, https:\/\/frogengineering.com\/wp-content\/uploads\/2020\/04\/984061f473.jpg.240x240-100x100.jpg 100w\" sizes=\"auto, (max-width: 240px) 100vw, 240px\" \/><\/p>\n<p>&nbsp;<\/p>\n<p style=\"text-align: center;\"><strong>Description <\/strong><\/p>\n<ul>\n<li>The PLC (Planar Lightwave Circuit) splitter is an optical power management device that is manufactured using silica optical waveguide technology. Bare fiber splitter is a kind of ODN product suitable for PON networks that can be installed in pigtail splice tray, test instrument or WDM system, as space occupation is minimized.<\/li>\n<li>Being relatively fragile in fiber protection, this type of splitter needs to be installed in a component that provides protection for the fibers and the device itself.<\/li>\n<li>Frog Engineering ofrece una serie completa de divisores 1xN y 2xN (2,4, hasta 64) dise\u00f1ados para aplicaciones espec\u00edficas.<\/li>\n<li>All products comply with GR-1209-CORE and GR-1221-CORE requirements. They feature small size, high reliability, wide operating wavelength range, good channel-to-channel uniformity, and are widely used in PON networks to divide optical signal power. RoHS.<\/li>\n<\/ul>\n<p>&nbsp;<\/p>\n<p style=\"text-align: center;\"><strong>Technical specs<\/strong><\/p>\n<table class=\"aligncenter\" width=\"615\">\n<tbody>\n<tr>\n<td width=\"139\">Splitter type<\/td>\n<td width=\"141\">PLC bare fiber splitter<\/td>\n<td width=\"156\">Port configuration<\/td>\n<td width=\"179\">1XN, 2XN without connectors<\/td>\n<\/tr>\n<tr>\n<td width=\"139\">Windows<\/td>\n<td width=\"141\">1260-1650nm<\/td>\n<td width=\"156\">Fiber<\/td>\n<td width=\"179\">\u00a0250\u03bcm ITU G.657A1<\/td>\n<\/tr>\n<tr>\n<td width=\"139\">Insertion Loss<\/td>\n<td width=\"141\">&lt;\u00a010.5dB<\/td>\n<td width=\"156\">Connector type<\/td>\n<td width=\"179\">N\/A<\/td>\n<\/tr>\n<tr>\n<td width=\"139\">PDL<\/td>\n<td width=\"141\">&lt;=0.3dB<\/td>\n<td width=\"156\">Compliance<\/td>\n<td width=\"179\">Telcordia GR-1221 &amp; GR-1209<\/td>\n<\/tr>\n<tr>\n<td width=\"139\">Operational Temperature<\/td>\n<td width=\"141\">-40\u00b0C~ +85\u00b0C<\/td>\n<td width=\"156\">Storage temperature<\/td>\n<td width=\"179\">-40\u00b0C~ +85\u00b0C<\/td>\n<\/tr>\n<\/tbody>\n<\/table>","protected":false},"excerpt":{"rendered":"<p>&nbsp; Descripci\u00f3n El divisor PLC (Planar Lightwave Circuit) es un dispositivo de administraci\u00f3n de energ\u00eda \u00f3ptica que se fabrica con tecnolog\u00eda de gu\u00eda de onda \u00f3ptica de s\u00edlice. El divisor de fibra desnuda es un tipo de producto ODN adecuado para redes PON que se puede instalar en una bandeja de empalme de pigtails, un&#8230;<\/p>","protected":false},"author":3,"featured_media":0,"parent":0,"menu_order":0,"comment_status":"closed","ping_status":"closed","template":"","meta":{"footnotes":""},"class_list":["post-553","page","type-page","status-publish","hentry"],"jetpack_sharing_enabled":true,"_links":{"self":[{"href":"https:\/\/frogengineering.com\/en\/wp-json\/wp\/v2\/pages\/553","targetHints":{"allow":["GET"]}}],"collection":[{"href":"https:\/\/frogengineering.com\/en\/wp-json\/wp\/v2\/pages"}],"about":[{"href":"https:\/\/frogengineering.com\/en\/wp-json\/wp\/v2\/types\/page"}],"author":[{"embeddable":true,"href":"https:\/\/frogengineering.com\/en\/wp-json\/wp\/v2\/users\/3"}],"replies":[{"embeddable":true,"href":"https:\/\/frogengineering.com\/en\/wp-json\/wp\/v2\/comments?post=553"}],"version-history":[{"count":6,"href":"https:\/\/frogengineering.com\/en\/wp-json\/wp\/v2\/pages\/553\/revisions"}],"predecessor-version":[{"id":873,"href":"https:\/\/frogengineering.com\/en\/wp-json\/wp\/v2\/pages\/553\/revisions\/873"}],"wp:attachment":[{"href":"https:\/\/frogengineering.com\/en\/wp-json\/wp\/v2\/media?parent=553"}],"curies":[{"name":"wp","href":"https:\/\/api.w.org\/{rel}","templated":true}]}}