{"id":556,"date":"2020-04-19T00:34:35","date_gmt":"2020-04-19T00:34:35","guid":{"rendered":"https:\/\/frogengineering.com\/?page_id=556"},"modified":"2021-03-26T22:34:40","modified_gmt":"2021-03-27T03:34:40","slug":"splitter-plc-fanout","status":"publish","type":"page","link":"https:\/\/frogengineering.com\/en\/splitter-plc-fanout","title":{"rendered":"PLC fanout splitter"},"content":{"rendered":"<p>&nbsp;<\/p>\n<p><img loading=\"lazy\" decoding=\"async\" data-attachment-id=\"598\" data-permalink=\"https:\/\/frogengineering.com\/en\/splitter-plc-fanout\/attachment\/1097347b2c-jpg-240x240\" data-orig-file=\"https:\/\/frogengineering.com\/wp-content\/uploads\/2020\/04\/1097347b2c.jpg.240x240.jpg\" data-orig-size=\"240,240\" data-comments-opened=\"1\" data-image-meta=\"{&quot;aperture&quot;:&quot;0&quot;,&quot;credit&quot;:&quot;&quot;,&quot;camera&quot;:&quot;&quot;,&quot;caption&quot;:&quot;&quot;,&quot;created_timestamp&quot;:&quot;0&quot;,&quot;copyright&quot;:&quot;&quot;,&quot;focal_length&quot;:&quot;0&quot;,&quot;iso&quot;:&quot;0&quot;,&quot;shutter_speed&quot;:&quot;0&quot;,&quot;title&quot;:&quot;&quot;,&quot;orientation&quot;:&quot;0&quot;}\" data-image-title=\"1097347b2c.jpg.240&amp;#215;240\" data-image-description=\"\" data-image-caption=\"\" data-large-file=\"https:\/\/frogengineering.com\/wp-content\/uploads\/2020\/04\/1097347b2c.jpg.240x240.jpg\" class=\"alignnone size-full wp-image-598 aligncenter\" src=\"https:\/\/frogengineering.com\/wp-content\/uploads\/2020\/04\/1097347b2c.jpg.240x240.jpg\" alt=\"\" width=\"240\" height=\"240\" srcset=\"https:\/\/frogengineering.com\/wp-content\/uploads\/2020\/04\/1097347b2c.jpg.240x240.jpg 240w, https:\/\/frogengineering.com\/wp-content\/uploads\/2020\/04\/1097347b2c.jpg.240x240-150x150.jpg 150w, https:\/\/frogengineering.com\/wp-content\/uploads\/2020\/04\/1097347b2c.jpg.240x240-100x100.jpg 100w\" sizes=\"auto, (max-width: 240px) 100vw, 240px\" \/><\/p>\n<p style=\"text-align: center;\"><strong>Description<\/strong><\/p>\n<ul style=\"text-align: center;\">\n<li>PLC (Planar Lightwave Circuit) splitter is a kind of optical power management device that is manufactured using silica optical waveguide technology. The primary use is the distribution of optical signals from the Central Office (CO) to multiple local locations. The PLC fan splitter is mainly used for ribbon fiber which can be separated into 0.9mm optical fibers.<\/li>\n<li>Fiber adapters can be provided for the input and output ends of these types of splitters, allowing them to be used directly in NAPs, customer distribution boxes, and outside plant cabinets.<\/li>\n<li>The PLC Fan-out \/ Mini splitter has stronger fiber protection than the bare fiber splitter, as a result of miniaturization of the cassette splitter. It is mainly used in variety of junction and distribution boxes or network cabinets.<\/li>\n<li>Frog Engineering proporciona una variedad de divisores de distribuci\u00f3n de PLC 1xN y 2xN, incluyendo 1&#215;2, 1&#215;4, 1&#215;8, 1&#215;16,1&#215;32, 1&#215;64 y 2&#215;2, 2&#215;4, 2&#215;8, 2&#215;16, 2&#215;32, 2&#215;64 con divisores de PLC de tipo abanico (fan-out).<\/li>\n<\/ul>\n<p style=\"text-align: center;\"><strong>Technical specs<\/strong><\/p>\n<p>&nbsp;<\/p>\n<table class=\"aligncenter\" width=\"615\">\n<tbody>\n<tr>\n<td width=\"139\">Splitter type<\/td>\n<td width=\"141\">Splitter PLC Fan-out<\/td>\n<td width=\"156\">Port configuration<\/td>\n<td width=\"179\">2X4, 1X32, etc<\/td>\n<\/tr>\n<tr>\n<td width=\"139\">Windows<\/td>\n<td width=\"141\">1260-1650nm<\/td>\n<td width=\"156\">Fiber diameter<\/td>\n<td width=\"179\">0.9mm<\/td>\n<\/tr>\n<tr>\n<td width=\"139\">Insertion Loss<\/td>\n<td width=\"141\">&lt;\u00a013.7dB<\/td>\n<td width=\"156\">Connector type<\/td>\n<td width=\"179\">SC\/LC<\/td>\n<\/tr>\n<tr>\n<td width=\"139\">PDL<\/td>\n<td width=\"141\">&lt;=0.3dB<\/td>\n<td width=\"156\">Compliance<\/td>\n<td width=\"179\">Telcordia GR-1221 &amp; GR-1209<\/td>\n<\/tr>\n<tr>\n<td width=\"139\">Operational Temperature<\/td>\n<td width=\"141\">-30\u00b0C~ +70\u00b0C<\/td>\n<td width=\"156\">Storage temperature<\/td>\n<td width=\"179\">-40\u00b0C~ +80\u00b0C<\/td>\n<\/tr>\n<\/tbody>\n<\/table>","protected":false},"excerpt":{"rendered":"<p>&nbsp; Descripci\u00f3n El divisor PLC (Planar Lightwave Circuit) es un tipo de dispositivo de administraci\u00f3n de energ\u00eda \u00f3ptica que se fabrica utilizando tecnolog\u00eda de gu\u00eda de ondas \u00f3pticas de s\u00edlice. El uso principal es la distribuci\u00f3n de se\u00f1ales \u00f3pticas desde la Oficina Central (CO) a m\u00faltiples ubicaciones locales. El divisor PLC en abanico se utiliza&#8230;<\/p>","protected":false},"author":3,"featured_media":0,"parent":0,"menu_order":0,"comment_status":"closed","ping_status":"closed","template":"","meta":{"footnotes":""},"class_list":["post-556","page","type-page","status-publish","hentry"],"jetpack_sharing_enabled":true,"_links":{"self":[{"href":"https:\/\/frogengineering.com\/en\/wp-json\/wp\/v2\/pages\/556","targetHints":{"allow":["GET"]}}],"collection":[{"href":"https:\/\/frogengineering.com\/en\/wp-json\/wp\/v2\/pages"}],"about":[{"href":"https:\/\/frogengineering.com\/en\/wp-json\/wp\/v2\/types\/page"}],"author":[{"embeddable":true,"href":"https:\/\/frogengineering.com\/en\/wp-json\/wp\/v2\/users\/3"}],"replies":[{"embeddable":true,"href":"https:\/\/frogengineering.com\/en\/wp-json\/wp\/v2\/comments?post=556"}],"version-history":[{"count":6,"href":"https:\/\/frogengineering.com\/en\/wp-json\/wp\/v2\/pages\/556\/revisions"}],"predecessor-version":[{"id":877,"href":"https:\/\/frogengineering.com\/en\/wp-json\/wp\/v2\/pages\/556\/revisions\/877"}],"wp:attachment":[{"href":"https:\/\/frogengineering.com\/en\/wp-json\/wp\/v2\/media?parent=556"}],"curies":[{"name":"wp","href":"https:\/\/api.w.org\/{rel}","templated":true}]}}