{"id":563,"date":"2020-04-19T00:36:13","date_gmt":"2020-04-19T00:36:13","guid":{"rendered":"https:\/\/frogengineering.com\/?page_id=563"},"modified":"2021-03-26T22:35:42","modified_gmt":"2021-03-27T03:35:42","slug":"splitter-plc-para-cassette-lgx","status":"publish","type":"page","link":"https:\/\/frogengineering.com\/en\/splitter-plc-para-cassette-lgx","title":{"rendered":"PLC splitter for LGX Cassette"},"content":{"rendered":"<p><img loading=\"lazy\" decoding=\"async\" data-attachment-id=\"605\" data-permalink=\"https:\/\/frogengineering.com\/en\/splitter-plc-para-cassette-lgx\/attachment\/89006a99c4-jpg-240x240\" data-orig-file=\"https:\/\/frogengineering.com\/wp-content\/uploads\/2020\/04\/89006a99c4.jpg.240x240.jpg\" data-orig-size=\"240,240\" data-comments-opened=\"1\" data-image-meta=\"{&quot;aperture&quot;:&quot;0&quot;,&quot;credit&quot;:&quot;&quot;,&quot;camera&quot;:&quot;&quot;,&quot;caption&quot;:&quot;&quot;,&quot;created_timestamp&quot;:&quot;0&quot;,&quot;copyright&quot;:&quot;&quot;,&quot;focal_length&quot;:&quot;0&quot;,&quot;iso&quot;:&quot;0&quot;,&quot;shutter_speed&quot;:&quot;0&quot;,&quot;title&quot;:&quot;&quot;,&quot;orientation&quot;:&quot;0&quot;}\" data-image-title=\"89006a99c4.jpg.240&amp;#215;240\" data-image-description=\"\" data-image-caption=\"\" data-large-file=\"https:\/\/frogengineering.com\/wp-content\/uploads\/2020\/04\/89006a99c4.jpg.240x240.jpg\" class=\"alignnone size-full wp-image-605 aligncenter\" src=\"https:\/\/frogengineering.com\/wp-content\/uploads\/2020\/04\/89006a99c4.jpg.240x240.jpg\" alt=\"\" width=\"240\" height=\"240\" srcset=\"https:\/\/frogengineering.com\/wp-content\/uploads\/2020\/04\/89006a99c4.jpg.240x240.jpg 240w, https:\/\/frogengineering.com\/wp-content\/uploads\/2020\/04\/89006a99c4.jpg.240x240-150x150.jpg 150w, https:\/\/frogengineering.com\/wp-content\/uploads\/2020\/04\/89006a99c4.jpg.240x240-100x100.jpg 100w\" sizes=\"auto, (max-width: 240px) 100vw, 240px\" \/><\/p>\n<p>&nbsp;<\/p>\n<p style=\"text-align: center;\"><strong>Description <\/strong><\/p>\n<ul style=\"text-align: center;\">\n<li>PLC (Planar Lightwave Circuit) splitter is a type of optical power management device that is manufactured using silica optical waveguide technology to distribute optical signals from Central Office (CO) to multiple local locations.<\/li>\n<li>The standard LGX metal box casing provides a plug-and-play method for network integration, eliminating any risk during installation. Eliminates the need for splicing machines in the field and there is no need for qualified personnel for deployment.<\/li>\n<li>Frog Engineering ofrece una serie completa de productos divisores 1xN y 2xN dise\u00f1ados para aplicaciones espec\u00edficas. Todos los productos cumplen con los requisitos GR-1209-CORE y GR-1221-CORE.<\/li>\n<li style=\"text-align: left;\">\u00a0 \u00a0Connector type: LC \/ UPC, LC \/ APC, SC \/ UPC, SC \/ APC<\/li>\n<li>Good channel-to-channel uniformity \u2022 High bias extinction ratio \u2022 Low input bias sensitivity. Compact design, we have custom and resistant packaging.<\/li>\n<\/ul>\n<p style=\"text-align: center;\"><strong>Technical specs<\/strong><\/p>\n<p>&nbsp;<\/p>\n<table class=\"aligncenter\" width=\"615\">\n<tbody>\n<tr>\n<td width=\"139\">Splitter type<\/td>\n<td width=\"141\">Splitter PLC LGX<\/td>\n<td width=\"156\">Port configuration<\/td>\n<td width=\"179\">1X8, 2X16, etc<\/td>\n<\/tr>\n<tr>\n<td width=\"139\">Windows<\/td>\n<td width=\"141\">1260-1650nm<\/td>\n<td width=\"156\">Return Loss<\/td>\n<td width=\"179\">&gt;=55dB<\/td>\n<\/tr>\n<tr>\n<td width=\"139\">Insertion Loss<\/td>\n<td width=\"141\">&lt;\u00a021.0dB<\/td>\n<td width=\"156\">Connector type<\/td>\n<td width=\"179\">SC\/LC<\/td>\n<\/tr>\n<tr>\n<td width=\"139\">PDL<\/td>\n<td width=\"141\">&lt;=0.4dB<\/td>\n<td width=\"156\">Compliance<\/td>\n<td width=\"179\">Telcordia GR-1221 &amp; GR-1209<\/td>\n<\/tr>\n<tr>\n<td width=\"139\">Operational Temperature<\/td>\n<td width=\"141\">-20\u00b0C~ +70\u00b0C<\/td>\n<td width=\"156\">Storage temperature<\/td>\n<td width=\"179\">-40\u00b0C~ +80\u00b0C<\/td>\n<\/tr>\n<\/tbody>\n<\/table>","protected":false},"excerpt":{"rendered":"<p>&nbsp; Descripci\u00f3n El divisor PLC (Planar Lightwave Circuit) es un tipo de dispositivo de administraci\u00f3n de energ\u00eda \u00f3ptica que se fabrica utilizando tecnolog\u00eda de gu\u00eda de ondas \u00f3pticas de s\u00edlice para distribuir se\u00f1ales \u00f3pticas desde la Oficina Central (CO) a m\u00faltiples ubicaciones locales. La carcasa de la caja de metal LGX est\u00e1ndar proporciona un m\u00e9todo&#8230;<\/p>","protected":false},"author":3,"featured_media":0,"parent":0,"menu_order":0,"comment_status":"closed","ping_status":"closed","template":"","meta":{"footnotes":""},"class_list":["post-563","page","type-page","status-publish","hentry"],"jetpack_sharing_enabled":true,"_links":{"self":[{"href":"https:\/\/frogengineering.com\/en\/wp-json\/wp\/v2\/pages\/563","targetHints":{"allow":["GET"]}}],"collection":[{"href":"https:\/\/frogengineering.com\/en\/wp-json\/wp\/v2\/pages"}],"about":[{"href":"https:\/\/frogengineering.com\/en\/wp-json\/wp\/v2\/types\/page"}],"author":[{"embeddable":true,"href":"https:\/\/frogengineering.com\/en\/wp-json\/wp\/v2\/users\/3"}],"replies":[{"embeddable":true,"href":"https:\/\/frogengineering.com\/en\/wp-json\/wp\/v2\/comments?post=563"}],"version-history":[{"count":5,"href":"https:\/\/frogengineering.com\/en\/wp-json\/wp\/v2\/pages\/563\/revisions"}],"predecessor-version":[{"id":878,"href":"https:\/\/frogengineering.com\/en\/wp-json\/wp\/v2\/pages\/563\/revisions\/878"}],"wp:attachment":[{"href":"https:\/\/frogengineering.com\/en\/wp-json\/wp\/v2\/media?parent=563"}],"curies":[{"name":"wp","href":"https:\/\/api.w.org\/{rel}","templated":true}]}}