{"id":566,"date":"2020-04-19T00:38:25","date_gmt":"2020-04-19T00:38:25","guid":{"rendered":"https:\/\/frogengineering.com\/?page_id=566"},"modified":"2021-04-01T13:00:53","modified_gmt":"2021-04-01T18:00:53","slug":"odf-1u-splitter-plc-para-montaje-en-rack","status":"publish","type":"page","link":"https:\/\/frogengineering.com\/en\/odf-1u-splitter-plc-para-montaje-en-rack","title":{"rendered":"Rack mount ODF 1U PLC Splitter"},"content":{"rendered":"<p><img loading=\"lazy\" decoding=\"async\" data-attachment-id=\"609\" data-permalink=\"https:\/\/frogengineering.com\/en\/odf-1u-splitter-plc-para-montaje-en-rack\/attachment\/7d794251c0-jpg-240x240\" data-orig-file=\"https:\/\/frogengineering.com\/wp-content\/uploads\/2020\/04\/7d794251c0.jpg.240x240.jpg\" data-orig-size=\"240,240\" data-comments-opened=\"1\" data-image-meta=\"{&quot;aperture&quot;:&quot;0&quot;,&quot;credit&quot;:&quot;&quot;,&quot;camera&quot;:&quot;&quot;,&quot;caption&quot;:&quot;&quot;,&quot;created_timestamp&quot;:&quot;0&quot;,&quot;copyright&quot;:&quot;&quot;,&quot;focal_length&quot;:&quot;0&quot;,&quot;iso&quot;:&quot;0&quot;,&quot;shutter_speed&quot;:&quot;0&quot;,&quot;title&quot;:&quot;&quot;,&quot;orientation&quot;:&quot;0&quot;}\" data-image-title=\"7d794251c0.jpg.240&amp;#215;240\" data-image-description=\"\" data-image-caption=\"\" data-large-file=\"https:\/\/frogengineering.com\/wp-content\/uploads\/2020\/04\/7d794251c0.jpg.240x240.jpg\" class=\"alignnone size-full wp-image-609 aligncenter\" src=\"https:\/\/frogengineering.com\/wp-content\/uploads\/2020\/04\/7d794251c0.jpg.240x240.jpg\" alt=\"\" width=\"240\" height=\"240\" srcset=\"https:\/\/frogengineering.com\/wp-content\/uploads\/2020\/04\/7d794251c0.jpg.240x240.jpg 240w, https:\/\/frogengineering.com\/wp-content\/uploads\/2020\/04\/7d794251c0.jpg.240x240-150x150.jpg 150w, https:\/\/frogengineering.com\/wp-content\/uploads\/2020\/04\/7d794251c0.jpg.240x240-100x100.jpg 100w\" sizes=\"auto, (max-width: 240px) 100vw, 240px\" \/><\/p>\n<p style=\"text-align: center;\">\n<p style=\"text-align: center;\"><a href=\"https:\/\/frogengineering.com\/wp-content\/uploads\/2021\/04\/High-Density-Split-Patch-Panel.pdf\">High Density Split Patch Panel<\/a><\/p>\n<p>&nbsp;<\/p>\n<p style=\"text-align: center;\"><strong>Description<\/strong><\/p>\n<ul>\n<li style=\"text-align: center;\">PLC (Planar Lightwave Circuit) splitter is a type of optical power management device that is manufactured using silica optical waveguide technology, and is used to distribute optical signals from Central Office (CO) to multiple local locations.<\/li>\n<li style=\"text-align: center;\">Stranded ABS PLC splitter is most commonly used in PON networks. Provides the highest degree of protection for internal optical components and fiber cable. It is designed to facilitate installation and is a very reliable element, with its greater volume being the only negative side. In this case, the splitter is incorporated into a 1RU ODF for rack mounting.<\/li>\n<li style=\"text-align: center;\">It is mainly used for various connection and distribution products or network cabinets.<\/li>\n<\/ul>\n<p>&nbsp;<\/p>\n<p style=\"text-align: center;\"><strong>Technical specs<\/strong><\/p>\n<p>&nbsp;<\/p>\n<table class=\"aligncenter\" width=\"615\">\n<tbody>\n<tr>\n<td width=\"139\">Splitter type<\/td>\n<td width=\"141\">Splitter PLC Fan-out<\/td>\n<td width=\"156\">Port configuration<\/td>\n<td width=\"179\">1X2, 1X8, etc<\/td>\n<\/tr>\n<tr>\n<td width=\"139\">Windows<\/td>\n<td width=\"141\">1260-1650nm<\/td>\n<td width=\"156\">Fiber diameter<\/td>\n<td width=\"179\">2.0\/3.0mm<\/td>\n<\/tr>\n<tr>\n<td width=\"139\">Insertion Loss<\/td>\n<td width=\"141\">&lt;\u00a010.7dB<\/td>\n<td width=\"156\">Connector type<\/td>\n<td width=\"179\">SC\/LC<\/td>\n<\/tr>\n<tr>\n<td width=\"139\">PDL<\/td>\n<td width=\"141\">&lt;=0.3dB<\/td>\n<td width=\"156\">Compliance<\/td>\n<td width=\"179\">Telcordia GR-1221 &amp; GR-1209<\/td>\n<\/tr>\n<tr>\n<td width=\"139\">Operational Temperature<\/td>\n<td width=\"141\">-30\u00b0C~ +70\u00b0C<\/td>\n<td width=\"156\">Storage temperature<\/td>\n<td style=\"text-align: center;\" width=\"179\">-40\u00b0C~ +80\u00b0C<\/td>\n<\/tr>\n<\/tbody>\n<\/table>","protected":false},"excerpt":{"rendered":"<p>High Density Split Patch Panel &nbsp; Descripci\u00f3n El divisor PLC (Planar Lightwave Circuit) es un tipo de dispositivo de administraci\u00f3n de energ\u00eda \u00f3ptica que se fabrica utilizando tecnolog\u00eda de gu\u00eda de ondas \u00f3pticas de s\u00edlice, y se utiliza para distribuir se\u00f1ales \u00f3pticas desde la Oficina Central (CO) a m\u00faltiples ubicaciones locales. El divisor PLC de&#8230;<\/p>","protected":false},"author":3,"featured_media":0,"parent":0,"menu_order":0,"comment_status":"closed","ping_status":"closed","template":"","meta":{"footnotes":""},"class_list":["post-566","page","type-page","status-publish","hentry"],"jetpack_sharing_enabled":true,"_links":{"self":[{"href":"https:\/\/frogengineering.com\/en\/wp-json\/wp\/v2\/pages\/566","targetHints":{"allow":["GET"]}}],"collection":[{"href":"https:\/\/frogengineering.com\/en\/wp-json\/wp\/v2\/pages"}],"about":[{"href":"https:\/\/frogengineering.com\/en\/wp-json\/wp\/v2\/types\/page"}],"author":[{"embeddable":true,"href":"https:\/\/frogengineering.com\/en\/wp-json\/wp\/v2\/users\/3"}],"replies":[{"embeddable":true,"href":"https:\/\/frogengineering.com\/en\/wp-json\/wp\/v2\/comments?post=566"}],"version-history":[{"count":6,"href":"https:\/\/frogengineering.com\/en\/wp-json\/wp\/v2\/pages\/566\/revisions"}],"predecessor-version":[{"id":881,"href":"https:\/\/frogengineering.com\/en\/wp-json\/wp\/v2\/pages\/566\/revisions\/881"}],"wp:attachment":[{"href":"https:\/\/frogengineering.com\/en\/wp-json\/wp\/v2\/media?parent=566"}],"curies":[{"name":"wp","href":"https:\/\/api.w.org\/{rel}","templated":true}]}}