{"id":588,"date":"2020-04-19T01:37:36","date_gmt":"2020-04-19T01:37:36","guid":{"rendered":"https:\/\/frogengineering.com\/?page_id=588"},"modified":"2021-03-26T22:33:33","modified_gmt":"2021-03-27T03:33:33","slug":"splitters-fbt","status":"publish","type":"page","link":"https:\/\/frogengineering.com\/en\/splitters-fbt","title":{"rendered":"FBT Splitter"},"content":{"rendered":"<p><img loading=\"lazy\" decoding=\"async\" data-attachment-id=\"592\" data-permalink=\"https:\/\/frogengineering.com\/en\/splitters-fbt\/attachment\/62aa1368b9-jpg-240x240\" data-orig-file=\"https:\/\/frogengineering.com\/wp-content\/uploads\/2020\/04\/62aa1368b9.jpg.240x240.jpg\" data-orig-size=\"240,240\" data-comments-opened=\"1\" data-image-meta=\"{&quot;aperture&quot;:&quot;0&quot;,&quot;credit&quot;:&quot;&quot;,&quot;camera&quot;:&quot;&quot;,&quot;caption&quot;:&quot;&quot;,&quot;created_timestamp&quot;:&quot;0&quot;,&quot;copyright&quot;:&quot;&quot;,&quot;focal_length&quot;:&quot;0&quot;,&quot;iso&quot;:&quot;0&quot;,&quot;shutter_speed&quot;:&quot;0&quot;,&quot;title&quot;:&quot;&quot;,&quot;orientation&quot;:&quot;0&quot;}\" data-image-title=\"62aa1368b9.jpg.240&amp;#215;240\" data-image-description=\"\" data-image-caption=\"\" data-large-file=\"https:\/\/frogengineering.com\/wp-content\/uploads\/2020\/04\/62aa1368b9.jpg.240x240.jpg\" class=\"alignnone size-full wp-image-592 aligncenter\" src=\"https:\/\/frogengineering.com\/wp-content\/uploads\/2020\/04\/62aa1368b9.jpg.240x240.jpg\" alt=\"\" width=\"240\" height=\"240\" srcset=\"https:\/\/frogengineering.com\/wp-content\/uploads\/2020\/04\/62aa1368b9.jpg.240x240.jpg 240w, https:\/\/frogengineering.com\/wp-content\/uploads\/2020\/04\/62aa1368b9.jpg.240x240-150x150.jpg 150w, https:\/\/frogengineering.com\/wp-content\/uploads\/2020\/04\/62aa1368b9.jpg.240x240-100x100.jpg 100w\" sizes=\"auto, (max-width: 240px) 100vw, 240px\" \/><\/p>\n<p>&nbsp;<\/p>\n<p style=\"text-align: center;\"><strong>Description \u00a0 \u00a0<\/strong><\/p>\n<p style=\"text-align: center;\">Fiber Optic Splitter is an optical power management device that is manufactured using silica optical waveguide technology. With physical dimensioning, high reliability, wide operating wavelength range, and good channel-to-channel uniformity, it is widely used in PON networks to split the optical signal power.<\/p>\n<ul>\n<li style=\"text-align: center;\">Los splitters de Frog Engineering proporcionan una p\u00e9rdida de exceso (excess loss) excepcionalmente baja, una baja polarizaci\u00f3n y m\u00ednima dependencia de la temperatura para cada puerto.<\/li>\n<li style=\"text-align: center;\">These high-performance parts are available in a wide variety of split ratios, packaging options, and connectors. and therefore can be easily specified in a wide variety of applications, such as FTTX, passive optical networks (PON), local area networks (LAN), test equipment etc.<\/li>\n<li style=\"text-align: center;\">We have tree and star type inline couplers \/ dividers. These products provide a reliable solution for splitting \/ combining signals. Available in single, double and triple wavelength windows (1310\/1490 \/ 1550nm).<\/li>\n<li style=\"text-align: center;\">Our PLC splitters are tested to the strictest industry standards, and we guarantee quality, delivery, and competitive prices.<\/li>\n<\/ul>\n<p>&nbsp;<\/p>\n<p style=\"text-align: center;\"><strong>Technical specs<\/strong><\/p>\n<table class=\"aligncenter\" width=\"615\">\n<tbody>\n<tr>\n<td width=\"139\">Type of Product<\/td>\n<td width=\"141\">FBT Splitter<\/td>\n<td width=\"156\">Port configuration<\/td>\n<td width=\"179\">1&#215;2<\/td>\n<\/tr>\n<tr>\n<td width=\"139\">Fiber type<\/td>\n<td width=\"141\">Singlemode<\/td>\n<td width=\"156\">Windows<\/td>\n<td width=\"179\">1310nm y 1490nm(double window)<\/td>\n<\/tr>\n<tr>\n<td width=\"139\">Input\/Output Cable<\/td>\n<td width=\"141\">0.9mm steel tube<\/td>\n<td width=\"156\">Connector type<\/td>\n<td width=\"179\">SC-UPC\/APC<\/td>\n<\/tr>\n<tr>\n<td width=\"139\">Return Loss<\/td>\n<td width=\"141\">&gt;=55dB<\/td>\n<td width=\"156\">Fiber length<\/td>\n<td width=\"179\">1 meter or custom<\/td>\n<\/tr>\n<tr>\n<td width=\"139\">Typical Excess loss<\/td>\n<td width=\"141\">0.01dB(P) \/ 0.15dB(A)<\/td>\n<td width=\"156\">Operational Temperature<\/td>\n<td width=\"179\">-40\u00b0C~ +80\u00b0C<\/td>\n<\/tr>\n<\/tbody>\n<\/table>\n<p style=\"text-align: center;\">","protected":false},"excerpt":{"rendered":"<p>&nbsp; Descripci\u00f3n \u00a0 \u00a0 El divisor de fibra \u00f3ptica es un dispositivo de administraci\u00f3n de energ\u00eda \u00f3ptica que se fabrica con la tecnolog\u00eda de gu\u00eda de ondas \u00f3pticas de s\u00edlice. Con un dimensionamiento f\u00edsico, alta confiabilidad, amplio rango de longitud de onda operativa y buena uniformidad de canal a canal, es ampliamente utilizado en redes&#8230;<\/p>","protected":false},"author":3,"featured_media":0,"parent":0,"menu_order":0,"comment_status":"closed","ping_status":"closed","template":"","meta":{"footnotes":""},"class_list":["post-588","page","type-page","status-publish","hentry"],"jetpack_sharing_enabled":true,"_links":{"self":[{"href":"https:\/\/frogengineering.com\/en\/wp-json\/wp\/v2\/pages\/588","targetHints":{"allow":["GET"]}}],"collection":[{"href":"https:\/\/frogengineering.com\/en\/wp-json\/wp\/v2\/pages"}],"about":[{"href":"https:\/\/frogengineering.com\/en\/wp-json\/wp\/v2\/types\/page"}],"author":[{"embeddable":true,"href":"https:\/\/frogengineering.com\/en\/wp-json\/wp\/v2\/users\/3"}],"replies":[{"embeddable":true,"href":"https:\/\/frogengineering.com\/en\/wp-json\/wp\/v2\/comments?post=588"}],"version-history":[{"count":5,"href":"https:\/\/frogengineering.com\/en\/wp-json\/wp\/v2\/pages\/588\/revisions"}],"predecessor-version":[{"id":876,"href":"https:\/\/frogengineering.com\/en\/wp-json\/wp\/v2\/pages\/588\/revisions\/876"}],"wp:attachment":[{"href":"https:\/\/frogengineering.com\/en\/wp-json\/wp\/v2\/media?parent=588"}],"curies":[{"name":"wp","href":"https:\/\/api.w.org\/{rel}","templated":true}]}}