{"id":623,"date":"2020-04-19T15:31:02","date_gmt":"2020-04-19T15:31:02","guid":{"rendered":"https:\/\/frogengineering.com\/?page_id=623"},"modified":"2020-04-19T21:23:48","modified_gmt":"2020-04-19T21:23:48","slug":"atenuadores-opticos","status":"publish","type":"page","link":"https:\/\/frogengineering.com\/en\/atenuadores-opticos","title":{"rendered":"Optical Attenuators"},"content":{"rendered":"<p><img loading=\"lazy\" decoding=\"async\" data-attachment-id=\"634\" data-permalink=\"https:\/\/frogengineering.com\/en\/atenuadores-opticos\/attachment\/5c744bc371-jpg-240x240\" data-orig-file=\"https:\/\/frogengineering.com\/wp-content\/uploads\/2020\/04\/5c744bc371.jpg.240x240.jpg\" data-orig-size=\"240,240\" data-comments-opened=\"1\" data-image-meta=\"{&quot;aperture&quot;:&quot;0&quot;,&quot;credit&quot;:&quot;&quot;,&quot;camera&quot;:&quot;&quot;,&quot;caption&quot;:&quot;&quot;,&quot;created_timestamp&quot;:&quot;0&quot;,&quot;copyright&quot;:&quot;&quot;,&quot;focal_length&quot;:&quot;0&quot;,&quot;iso&quot;:&quot;0&quot;,&quot;shutter_speed&quot;:&quot;0&quot;,&quot;title&quot;:&quot;&quot;,&quot;orientation&quot;:&quot;0&quot;}\" data-image-title=\"5c744bc371.jpg.240&amp;#215;240\" data-image-description=\"\" data-image-caption=\"\" data-large-file=\"https:\/\/frogengineering.com\/wp-content\/uploads\/2020\/04\/5c744bc371.jpg.240x240.jpg\" class=\"alignnone size-full wp-image-634 aligncenter\" src=\"https:\/\/frogengineering.com\/wp-content\/uploads\/2020\/04\/5c744bc371.jpg.240x240.jpg\" alt=\"\" width=\"240\" height=\"240\" srcset=\"https:\/\/frogengineering.com\/wp-content\/uploads\/2020\/04\/5c744bc371.jpg.240x240.jpg 240w, https:\/\/frogengineering.com\/wp-content\/uploads\/2020\/04\/5c744bc371.jpg.240x240-150x150.jpg 150w, https:\/\/frogengineering.com\/wp-content\/uploads\/2020\/04\/5c744bc371.jpg.240x240-100x100.jpg 100w\" sizes=\"auto, (max-width: 240px) 100vw, 240px\" \/><\/p>\n<p>&nbsp;<\/p>\n<p style=\"text-align: center;\"><strong>Description<\/strong><\/p>\n<p style=\"text-align: center;\">\n<p style=\"text-align: center;\">Why use attenuators?<\/p>\n<p style=\"text-align: center;\">The ability of any fiber optic system to transmit data is ultimately dependent on the optical power measured at the receiver.<\/p>\n<p style=\"text-align: center;\">As a general rule of thumb, multimode systems do not need attenuators, because multimode sources rarely have enough power output to saturate receivers.<\/p>\n<p style=\"text-align: center;\">Singlemode systems, especially on short links, often have too much power and therefore need attenuators. Too much power and the receiver equipment amplifier saturates, too little power and noise becomes a problem as it interferes with the signal.<\/p>\n<p style=\"text-align: center;\">Fiber optic attenuators are thus used to adjust the optical power to the desired level. The attenuators are divided into fixed and variable. The attenuation values \u200b\u200bfor the fixes range from 1 dB to 20 dB, in 1 dB increments. Frog Engineering attenuators are distinguished by their high power resistance and low back reflection, making them suitable for high speed digital transmission and simulation applications.<\/p>\n<p style=\"text-align: center;\">\u00a0Available in single mode and multimode, type FC, SC, ST, LC and MU<\/p>\n<p>&nbsp;<\/p>\n<p style=\"text-align: center;\"><strong>Technical specs<\/strong><\/p>\n<p>&nbsp;<\/p>\n<table class=\"aligncenter\" width=\"615\">\n<tbody>\n<tr>\n<td width=\"139\">Connector type<\/td>\n<td width=\"141\">sc\/lc\/fc\/etc<\/td>\n<td width=\"156\">Connector type<\/td>\n<td width=\"179\">male or female<\/td>\n<\/tr>\n<tr>\n<td width=\"139\">Windows<\/td>\n<td width=\"141\">1310\/1550nm<\/td>\n<td width=\"156\">Attenuation range<\/td>\n<td width=\"179\">1~20dB or custom<\/td>\n<\/tr>\n<tr>\n<td width=\"139\">Return Loss<\/td>\n<td width=\"141\">&gt;=55dB<\/td>\n<td width=\"156\">Max. incoming power<\/td>\n<td width=\"179\">500 mw<\/td>\n<\/tr>\n<tr>\n<td width=\"139\">PDL<\/td>\n<td width=\"141\">&lt;=0.2dB<\/td>\n<td width=\"156\">Compliance<\/td>\n<td width=\"179\">NTT Telcordia ANSL TIA\/EIA and JIS<\/td>\n<\/tr>\n<tr>\n<td width=\"139\">Operational Temperature<\/td>\n<td width=\"141\">-30\u00b0C~ +75\u00b0C<\/td>\n<td width=\"156\">Storage temperature<\/td>\n<td width=\"179\">-35\u00b0C~ +80\u00b0C<\/td>\n<\/tr>\n<\/tbody>\n<\/table>\n<p style=\"text-align: center;\">","protected":false},"excerpt":{"rendered":"<p>&nbsp; Descripci\u00f3n \u00bfPor qu\u00e9 usar atenuadores? La capacidad de cualquier sistema de fibra \u00f3ptica para transmitir datos depende en \u00faltima instancia de la potencia \u00f3ptica medida en el receptor. Como regla general, los sistemas multimodo no necesitan atenuadores, porque las fuentes multimodo rara vez tienen suficiente potencia de salida como para saturar los receptores. Los&#8230;<\/p>","protected":false},"author":3,"featured_media":0,"parent":0,"menu_order":0,"comment_status":"closed","ping_status":"closed","template":"","meta":{"footnotes":""},"class_list":["post-623","page","type-page","status-publish","hentry"],"jetpack_sharing_enabled":true,"_links":{"self":[{"href":"https:\/\/frogengineering.com\/en\/wp-json\/wp\/v2\/pages\/623","targetHints":{"allow":["GET"]}}],"collection":[{"href":"https:\/\/frogengineering.com\/en\/wp-json\/wp\/v2\/pages"}],"about":[{"href":"https:\/\/frogengineering.com\/en\/wp-json\/wp\/v2\/types\/page"}],"author":[{"embeddable":true,"href":"https:\/\/frogengineering.com\/en\/wp-json\/wp\/v2\/users\/3"}],"replies":[{"embeddable":true,"href":"https:\/\/frogengineering.com\/en\/wp-json\/wp\/v2\/comments?post=623"}],"version-history":[{"count":4,"href":"https:\/\/frogengineering.com\/en\/wp-json\/wp\/v2\/pages\/623\/revisions"}],"predecessor-version":[{"id":636,"href":"https:\/\/frogengineering.com\/en\/wp-json\/wp\/v2\/pages\/623\/revisions\/636"}],"wp:attachment":[{"href":"https:\/\/frogengineering.com\/en\/wp-json\/wp\/v2\/media?parent=623"}],"curies":[{"name":"wp","href":"https:\/\/api.w.org\/{rel}","templated":true}]}}