{"id":629,"date":"2020-04-19T15:32:49","date_gmt":"2020-04-19T15:32:49","guid":{"rendered":"https:\/\/frogengineering.com\/?page_id=629"},"modified":"2021-07-15T09:31:58","modified_gmt":"2021-07-15T14:31:58","slug":"cajas-de-terminacion","status":"publish","type":"page","link":"https:\/\/frogengineering.com\/en\/cajas-de-terminacion","title":{"rendered":"Termination Boxes"},"content":{"rendered":"<p><img loading=\"lazy\" decoding=\"async\" data-attachment-id=\"758\" data-permalink=\"https:\/\/frogengineering.com\/en\/cajas-de-terminacion\/attachment\/enclosure\" data-orig-file=\"https:\/\/frogengineering.com\/wp-content\/uploads\/2020\/08\/ENCLOSURE.png\" data-orig-size=\"866,408\" data-comments-opened=\"1\" data-image-meta=\"{&quot;aperture&quot;:&quot;0&quot;,&quot;credit&quot;:&quot;&quot;,&quot;camera&quot;:&quot;&quot;,&quot;caption&quot;:&quot;&quot;,&quot;created_timestamp&quot;:&quot;0&quot;,&quot;copyright&quot;:&quot;&quot;,&quot;focal_length&quot;:&quot;0&quot;,&quot;iso&quot;:&quot;0&quot;,&quot;shutter_speed&quot;:&quot;0&quot;,&quot;title&quot;:&quot;&quot;,&quot;orientation&quot;:&quot;0&quot;}\" data-image-title=\"ENCLOSURE\" data-image-description=\"\" data-image-caption=\"\" data-large-file=\"https:\/\/frogengineering.com\/wp-content\/uploads\/2020\/08\/ENCLOSURE.png\" class=\"alignnone size-full wp-image-758 aligncenter\" src=\"https:\/\/frogengineering.com\/wp-content\/uploads\/2020\/08\/ENCLOSURE.png\" alt=\"\" width=\"866\" height=\"408\" srcset=\"https:\/\/frogengineering.com\/wp-content\/uploads\/2020\/08\/ENCLOSURE.png 866w, https:\/\/frogengineering.com\/wp-content\/uploads\/2020\/08\/ENCLOSURE-300x141.png 300w, https:\/\/frogengineering.com\/wp-content\/uploads\/2020\/08\/ENCLOSURE-768x362.png 768w, https:\/\/frogengineering.com\/wp-content\/uploads\/2020\/08\/ENCLOSURE-795x375.png 795w, https:\/\/frogengineering.com\/wp-content\/uploads\/2020\/08\/ENCLOSURE-600x283.png 600w\" sizes=\"auto, (max-width: 866px) 100vw, 866px\" \/><\/p>\n<p>The termination boxes are the last step in the delivery of the service to the final subscriber. There are several sizes depending on the number of fibers they must handle, and they have different degrees of IP protection depending on whether they are for exterior or interior deployment.<\/p>\n<p>&nbsp;<\/p>\n<p style=\"text-align: center;\"><a href=\"https:\/\/frogengineering.com\/wp-content\/uploads\/2020\/04\/Cajas-de-terminacion.pdf\">TERMINATION BOXES CATALOG<\/a><\/p>\n<p style=\"text-align: center;\"><a href=\"https:\/\/frogengineering.com\/wp-content\/uploads\/2020\/08\/FE-M12.pdf\">FE-M12<\/a><\/p>\n<p style=\"text-align: center;\"><a href=\"https:\/\/frogengineering.com\/wp-content\/uploads\/2021\/07\/gfl-s-distribution-box.pdf\">GFL-S<\/a><\/p>\n<p style=\"text-align: center;\"><a href=\"https:\/\/frogengineering.com\/wp-content\/uploads\/2020\/09\/FE-HJ-16.pdf\">FE-HJ-16<\/a><\/p>\n<p style=\"text-align: center;\"><a href=\"https:\/\/frogengineering.com\/wp-content\/uploads\/2020\/08\/FE-H31-Datasheet.pdf\">FE-H31 Datasheet<\/a><\/p>\n<p style=\"text-align: center;\"><a href=\"https:\/\/frogengineering.com\/wp-content\/uploads\/2020\/08\/FE-H31-user-manual.pdf\">FE-H31 user manual<\/a><\/p>\n<p style=\"text-align: center;\"><a href=\"https:\/\/frogengineering.com\/wp-content\/uploads\/2020\/08\/FE-H33.pdf\">FE-H33<\/a><\/p>\n<p style=\"text-align: center;\"><a href=\"https:\/\/frogengineering.com\/wp-content\/uploads\/2021\/07\/fe-ftb42x-wm-8c.pdf\">FE-FTB42X-WM-8C<\/a><\/p>\n<p style=\"text-align: center;\"><a href=\"https:\/\/frogengineering.com\/wp-content\/uploads\/2020\/09\/ATB-02B-TFB-FTTH-1.pdf\">ATB-02B\u00a0<\/a><\/p>\n<p style=\"text-align: center;\"><a href=\"https:\/\/frogengineering.com\/wp-content\/uploads\/2021\/01\/FE-UDM-2-16.pdf\">FE-UDM-2-16<\/a><\/p>\n<p>&nbsp;<\/p>\n<p>&nbsp;<\/p>","protected":false},"excerpt":{"rendered":"<p>Las cajas de terminaci\u00f3n son el \u00faltimo paso para la entrega del servicio al abonado final. Hay de varios tama\u00f1os en funci\u00f3n del numero de fibras que deben manejar, y tienen distintos grados de protecci\u00f3n IP seg\u00fan sean para exterior o interior. &nbsp; CAJAS DE TERMINACION DE FIBRA FE-M12 GFL-S FE-HJ-16 FE-H31 Datasheet FE-H31 user&#8230;<\/p>","protected":false},"author":3,"featured_media":0,"parent":0,"menu_order":0,"comment_status":"closed","ping_status":"closed","template":"","meta":{"footnotes":""},"class_list":["post-629","page","type-page","status-publish","hentry"],"jetpack_sharing_enabled":true,"_links":{"self":[{"href":"https:\/\/frogengineering.com\/en\/wp-json\/wp\/v2\/pages\/629","targetHints":{"allow":["GET"]}}],"collection":[{"href":"https:\/\/frogengineering.com\/en\/wp-json\/wp\/v2\/pages"}],"about":[{"href":"https:\/\/frogengineering.com\/en\/wp-json\/wp\/v2\/types\/page"}],"author":[{"embeddable":true,"href":"https:\/\/frogengineering.com\/en\/wp-json\/wp\/v2\/users\/3"}],"replies":[{"embeddable":true,"href":"https:\/\/frogengineering.com\/en\/wp-json\/wp\/v2\/comments?post=629"}],"version-history":[{"count":13,"href":"https:\/\/frogengineering.com\/en\/wp-json\/wp\/v2\/pages\/629\/revisions"}],"predecessor-version":[{"id":4272,"href":"https:\/\/frogengineering.com\/en\/wp-json\/wp\/v2\/pages\/629\/revisions\/4272"}],"wp:attachment":[{"href":"https:\/\/frogengineering.com\/en\/wp-json\/wp\/v2\/media?parent=629"}],"curies":[{"name":"wp","href":"https:\/\/api.w.org\/{rel}","templated":true}]}}