{"id":687,"date":"2020-06-03T12:04:25","date_gmt":"2020-06-03T17:04:25","guid":{"rendered":"https:\/\/frogengineering.com\/?page_id=687"},"modified":"2023-11-30T16:06:53","modified_gmt":"2023-11-30T21:06:53","slug":"cables-de-fibra-optica","status":"publish","type":"page","link":"https:\/\/frogengineering.com\/en\/cables-de-fibra-optica","title":{"rendered":"Fiber optic cables"},"content":{"rendered":"<p><img loading=\"lazy\" decoding=\"async\" data-attachment-id=\"854\" data-permalink=\"https:\/\/frogengineering.com\/en\/cables-de-fibra-optica\/attachment\/cable\" data-orig-file=\"https:\/\/frogengineering.com\/wp-content\/uploads\/2021\/03\/cable.jpg\" data-orig-size=\"1245,1158\" data-comments-opened=\"1\" data-image-meta=\"{&quot;aperture&quot;:&quot;0&quot;,&quot;credit&quot;:&quot;&quot;,&quot;camera&quot;:&quot;&quot;,&quot;caption&quot;:&quot;&quot;,&quot;created_timestamp&quot;:&quot;1616079816&quot;,&quot;copyright&quot;:&quot;&quot;,&quot;focal_length&quot;:&quot;0&quot;,&quot;iso&quot;:&quot;0&quot;,&quot;shutter_speed&quot;:&quot;0&quot;,&quot;title&quot;:&quot;&quot;,&quot;orientation&quot;:&quot;1&quot;}\" data-image-title=\"cable\" data-image-description=\"\" data-image-caption=\"\" data-large-file=\"https:\/\/frogengineering.com\/wp-content\/uploads\/2021\/03\/cable-1024x952.jpg\" class=\"wp-image-854 aligncenter\" src=\"https:\/\/frogengineering.com\/wp-content\/uploads\/2021\/03\/cable-1024x952.jpg\" alt=\"\" width=\"374\" height=\"347\" srcset=\"https:\/\/frogengineering.com\/wp-content\/uploads\/2021\/03\/cable-1024x952.jpg 1024w, https:\/\/frogengineering.com\/wp-content\/uploads\/2021\/03\/cable-300x279.jpg 300w, https:\/\/frogengineering.com\/wp-content\/uploads\/2021\/03\/cable-768x714.jpg 768w, https:\/\/frogengineering.com\/wp-content\/uploads\/2021\/03\/cable-795x739.jpg 795w, https:\/\/frogengineering.com\/wp-content\/uploads\/2021\/03\/cable-600x558.jpg 600w, https:\/\/frogengineering.com\/wp-content\/uploads\/2021\/03\/cable.jpg 1245w\" sizes=\"auto, (max-width: 374px) 100vw, 374px\" \/><\/p>\n<p>&nbsp;<\/p>\n<p>We have added a wide variety of fiber optic cables to our portfolio. From single strand fiber drop cable to anti-rodent cables for underground installation, as well as the full range of ADSS cables.<\/p>\n<p>Just let us know your needs, and we will quote you a very competitive price.<\/p>\n<p>&nbsp;<\/p>\n<p><img loading=\"lazy\" decoding=\"async\" data-attachment-id=\"689\" data-permalink=\"https:\/\/frogengineering.com\/en\/cables-de-fibra-optica\/attachment\/reel\" data-orig-file=\"https:\/\/frogengineering.com\/wp-content\/uploads\/2020\/06\/Reel.png\" data-orig-size=\"610,327\" data-comments-opened=\"1\" data-image-meta=\"{&quot;aperture&quot;:&quot;0&quot;,&quot;credit&quot;:&quot;&quot;,&quot;camera&quot;:&quot;&quot;,&quot;caption&quot;:&quot;&quot;,&quot;created_timestamp&quot;:&quot;0&quot;,&quot;copyright&quot;:&quot;&quot;,&quot;focal_length&quot;:&quot;0&quot;,&quot;iso&quot;:&quot;0&quot;,&quot;shutter_speed&quot;:&quot;0&quot;,&quot;title&quot;:&quot;&quot;,&quot;orientation&quot;:&quot;0&quot;}\" data-image-title=\"Reel\" data-image-description=\"\" data-image-caption=\"\" data-large-file=\"https:\/\/frogengineering.com\/wp-content\/uploads\/2020\/06\/Reel.png\" class=\"aligncenter wp-image-689\" src=\"https:\/\/frogengineering.com\/wp-content\/uploads\/2020\/06\/Reel.png\" alt=\"\" width=\"552\" height=\"296\" srcset=\"https:\/\/frogengineering.com\/wp-content\/uploads\/2020\/06\/Reel.png 610w, https:\/\/frogengineering.com\/wp-content\/uploads\/2020\/06\/Reel-300x161.png 300w, https:\/\/frogengineering.com\/wp-content\/uploads\/2020\/06\/Reel-600x322.png 600w\" sizes=\"auto, (max-width: 552px) 100vw, 552px\" \/><\/p>\n<p>&nbsp;<\/p>\n<p>&nbsp;<\/p>\n<p style=\"text-align: center;\"><a href=\"https:\/\/frogengineering.com\/wp-content\/uploads\/2023\/10\/Fiber-Cable-catalog.pdf\">2023 FIBER CABLE CATALOG<\/a><\/p>\n<p>&nbsp;<\/p>\n<p>&nbsp;<\/p>\n<p>&nbsp;<\/p>\n<p style=\"text-align: center;\"><a href=\"https:\/\/frogengineering.com\/wp-content\/uploads\/2020\/06\/FTTH-Drop-Cable-G.657A.pdf\">FTTH DROP CABLE G.657A<\/a><\/p>\n<p style=\"text-align: center;\"><a href=\"https:\/\/frogengineering.com\/wp-content\/uploads\/2023\/11\/Two-FRP-non-armor-drop-optic-fiber-cable.pdf\">Two-FRP-non-armor-drop-optic-fiber-cable<\/a><\/p>\n<p style=\"text-align: center;\"><a href=\"https:\/\/frogengineering.com\/wp-content\/uploads\/2023\/11\/ADSS-SJ48G652D-200.pdf\">SINGLE JACKET ADSS CABLE<\/a><\/p>\n<p style=\"text-align: center;\"><a href=\"https:\/\/frogengineering.com\/wp-content\/uploads\/2020\/06\/ADSS-CABLE.pdf\">ADSS CABLE<\/a><\/p>\n<p style=\"text-align: center;\"><a href=\"https:\/\/frogengineering.com\/wp-content\/uploads\/2020\/06\/72-Fibers-Armored-Optical-Cable.pdf\">72 FIBERS ARMORED OPTICAL CABLE<\/a><\/p>\n<p style=\"text-align: center;\"><a href=\"https:\/\/frogengineering.com\/wp-content\/uploads\/2020\/06\/24-CORE-LSZH-CABLE.pdf\">24 CORE LSZH INDOORS CABLE<\/a><\/p>\n<p style=\"text-align: center;\"><a href=\"https:\/\/frogengineering.com\/wp-content\/uploads\/2020\/07\/FTTH-Drop-Patchcord.pdf\">FTTH PATCHCORD DROP<\/a><\/p>\n<p style=\"text-align: center;\"><a href=\"https:\/\/frogengineering.com\/wp-content\/uploads\/2020\/11\/Anti-rodent-ADSS-with-FRP-armor-48-cores.pdf\">ANTI-RODENT ADSS with FRP ARMOR<\/a><\/p>\n<p style=\"text-align: center;\"><a href=\"https:\/\/frogengineering.com\/wp-content\/uploads\/2021\/01\/FIGURE-8-DOUBLE-ARMORED-FIBER-CABLE.pdf\">FIGURE 8 DOUBLE-ARMORED FIBER CABLE<\/a><\/p>\n<p style=\"text-align: center;\"><a href=\"https:\/\/frogengineering.com\/wp-content\/uploads\/2021\/01\/ADSS-150-meter-span-antirodent.pdf\">ADSS 150 meter span anti-rodent<\/a><\/p>\n<p style=\"text-align: center;\"><a href=\"https:\/\/frogengineering.com\/wp-content\/uploads\/2021\/01\/FLAT-DROP-GELL-FILLED-TONEABLE-FIBER-CABLE.pdf\">FLAT DROP GELL FILLED TONEABLE FIBER CABLE<\/a><\/p>\n<p style=\"text-align: center;\"><a href=\"https:\/\/frogengineering.com\/wp-content\/uploads\/2021\/01\/SINGLE-JACKET-NON-ARMORED-CABLE.pdf\">SINGLE JACKET NON-ARMORED CABLE<\/a><\/p>\n<p style=\"text-align: center;\"><a href=\"https:\/\/frogengineering.com\/wp-content\/uploads\/2021\/01\/SINGLE-JACKET-SINGLE-ARMOR-FIBER-CABLE.pdf\">SINGLE JACKET SINGLE ARMOR FIBER CABLE<\/a><\/p>\n<p style=\"text-align: center;\"><a href=\"https:\/\/frogengineering.com\/wp-content\/uploads\/2021\/02\/FE-RISER-24.pdf\">FE-RISER-24<\/a><\/p>\n<p style=\"text-align: center;\"><a href=\"https:\/\/frogengineering.com\/wp-content\/uploads\/2021\/02\/FE-RISER-48.pdf\">FE-RISER-48<\/a><\/p>\n<p>&nbsp;<\/p>\n<p style=\"text-align: center;\">","protected":false},"excerpt":{"rendered":"<p>&nbsp; Hemos adicionado a nuestro portafolio una amplia variedad de cables de fibra \u00f3ptica. Desde el cable drop de un hilo de fibra hasta los cables anti roedor para instalaci\u00f3n subterr\u00e1nea, as\u00ed como la gama completa de cables ADSS. Tan solo d\u00e9jenos saber su necesidad, y le cotizaremos un precio muy competitivo. &nbsp; &nbsp; &nbsp;&#8230;<\/p>","protected":false},"author":3,"featured_media":0,"parent":0,"menu_order":0,"comment_status":"closed","ping_status":"closed","template":"","meta":{"footnotes":""},"class_list":["post-687","page","type-page","status-publish","hentry"],"jetpack_sharing_enabled":true,"_links":{"self":[{"href":"https:\/\/frogengineering.com\/en\/wp-json\/wp\/v2\/pages\/687","targetHints":{"allow":["GET"]}}],"collection":[{"href":"https:\/\/frogengineering.com\/en\/wp-json\/wp\/v2\/pages"}],"about":[{"href":"https:\/\/frogengineering.com\/en\/wp-json\/wp\/v2\/types\/page"}],"author":[{"embeddable":true,"href":"https:\/\/frogengineering.com\/en\/wp-json\/wp\/v2\/users\/3"}],"replies":[{"embeddable":true,"href":"https:\/\/frogengineering.com\/en\/wp-json\/wp\/v2\/comments?post=687"}],"version-history":[{"count":22,"href":"https:\/\/frogengineering.com\/en\/wp-json\/wp\/v2\/pages\/687\/revisions"}],"predecessor-version":[{"id":4439,"href":"https:\/\/frogengineering.com\/en\/wp-json\/wp\/v2\/pages\/687\/revisions\/4439"}],"wp:attachment":[{"href":"https:\/\/frogengineering.com\/en\/wp-json\/wp\/v2\/media?parent=687"}],"curies":[{"name":"wp","href":"https:\/\/api.w.org\/{rel}","templated":true}]}}