{"id":836,"date":"2021-02-09T20:25:23","date_gmt":"2021-02-10T01:25:23","guid":{"rendered":"https:\/\/frogengineering.com\/?page_id=836"},"modified":"2021-06-03T12:36:53","modified_gmt":"2021-06-03T17:36:53","slug":"hdodf","status":"publish","type":"page","link":"https:\/\/frogengineering.com\/en\/hdodf","title":{"rendered":"Multiuse High-Density Modular Fiber panel"},"content":{"rendered":"<p><img loading=\"lazy\" decoding=\"async\" data-attachment-id=\"839\" data-permalink=\"https:\/\/frogengineering.com\/en\/hdodf\/attachment\/2881c0fae3323b5a93643d2934515c7\" data-orig-file=\"https:\/\/frogengineering.com\/wp-content\/uploads\/2021\/02\/2881c0fae3323b5a93643d2934515c7.png\" data-orig-size=\"993,444\" data-comments-opened=\"1\" data-image-meta=\"{&quot;aperture&quot;:&quot;0&quot;,&quot;credit&quot;:&quot;&quot;,&quot;camera&quot;:&quot;&quot;,&quot;caption&quot;:&quot;&quot;,&quot;created_timestamp&quot;:&quot;0&quot;,&quot;copyright&quot;:&quot;&quot;,&quot;focal_length&quot;:&quot;0&quot;,&quot;iso&quot;:&quot;0&quot;,&quot;shutter_speed&quot;:&quot;0&quot;,&quot;title&quot;:&quot;&quot;,&quot;orientation&quot;:&quot;0&quot;}\" data-image-title=\"2881c0fae3323b5a93643d2934515c7\" data-image-description=\"\" data-image-caption=\"\" data-large-file=\"https:\/\/frogengineering.com\/wp-content\/uploads\/2021\/02\/2881c0fae3323b5a93643d2934515c7.png\" class=\"alignnone size-full wp-image-839\" src=\"https:\/\/frogengineering.com\/wp-content\/uploads\/2021\/02\/2881c0fae3323b5a93643d2934515c7.png\" alt=\"\" width=\"993\" height=\"444\" srcset=\"https:\/\/frogengineering.com\/wp-content\/uploads\/2021\/02\/2881c0fae3323b5a93643d2934515c7.png 993w, https:\/\/frogengineering.com\/wp-content\/uploads\/2021\/02\/2881c0fae3323b5a93643d2934515c7-300x134.png 300w, https:\/\/frogengineering.com\/wp-content\/uploads\/2021\/02\/2881c0fae3323b5a93643d2934515c7-768x343.png 768w, https:\/\/frogengineering.com\/wp-content\/uploads\/2021\/02\/2881c0fae3323b5a93643d2934515c7-795x355.png 795w, https:\/\/frogengineering.com\/wp-content\/uploads\/2021\/02\/2881c0fae3323b5a93643d2934515c7-600x268.png 600w\" sizes=\"auto, (max-width: 993px) 100vw, 993px\" \/><\/p>\n<p>It is difficult to choose the best ODF for the different applications in which they will be used. That is perhaps why there is such a variety of fiber optic panels. Starting our portfolio, the priority is to offer density, flexibility and modularity. Few ODF families are going to offer so much in so little space. By choosing the right cassette, we can offer termination, termination and splicing, optical splitters, and MPO to LCAPC conversion. 144 terminations in 1RU with three layers of cable management. The family consists of 3 chassis in 1RU, 2RU and 4RU and there are three families of cards, with 8,12 or 24 LC terminations. Other adapters are available, although their use may decrease the density of the ODF.<\/p>\n<p>&nbsp;<\/p>\n<p style=\"text-align: center;\"><a href=\"https:\/\/frogengineering.com\/wp-content\/uploads\/2021\/06\/MAX-ODF.pdf\">MAX ODF<\/a><\/p>\n<p>&nbsp;<\/p>\n<p>&nbsp;<\/p>\n<div style=\"width: 640px;\" class=\"wp-video\"><video class=\"wp-video-shortcode\" id=\"video-836-1\" width=\"640\" height=\"360\" preload=\"metadata\" controls=\"controls\"><source type=\"video\/mp4\" src=\"https:\/\/frogengineering.com\/wp-content\/uploads\/2021\/02\/FE-HDDC-A521-VIDEO.mp4?_=1\" \/><a href=\"https:\/\/frogengineering.com\/wp-content\/uploads\/2021\/02\/FE-HDDC-A521-VIDEO.mp4\">https:\/\/frogengineering.com\/wp-content\/uploads\/2021\/02\/FE-HDDC-A521-VIDEO.mp4<\/a><\/video><\/div>\n<p>&nbsp;<\/p>","protected":false},"excerpt":{"rendered":"<p>Es dif\u00edcil elegir el mejor ODF para las diferentes aplicaciones en las que van a ser usados. Es quiz\u00e1 por eso que hay tanta variedad de paneles de fibra \u00f3ptica. A la hora de comenzar nuestro muestrario, la prioridad ha sido ofrecer densidad, flexibilidad y modularidad. Pocas familias de ODF van a ofrecer tanto en&#8230;<\/p>","protected":false},"author":3,"featured_media":0,"parent":0,"menu_order":0,"comment_status":"closed","ping_status":"closed","template":"","meta":{"footnotes":""},"class_list":["post-836","page","type-page","status-publish","hentry"],"jetpack_sharing_enabled":true,"_links":{"self":[{"href":"https:\/\/frogengineering.com\/en\/wp-json\/wp\/v2\/pages\/836","targetHints":{"allow":["GET"]}}],"collection":[{"href":"https:\/\/frogengineering.com\/en\/wp-json\/wp\/v2\/pages"}],"about":[{"href":"https:\/\/frogengineering.com\/en\/wp-json\/wp\/v2\/types\/page"}],"author":[{"embeddable":true,"href":"https:\/\/frogengineering.com\/en\/wp-json\/wp\/v2\/users\/3"}],"replies":[{"embeddable":true,"href":"https:\/\/frogengineering.com\/en\/wp-json\/wp\/v2\/comments?post=836"}],"version-history":[{"count":8,"href":"https:\/\/frogengineering.com\/en\/wp-json\/wp\/v2\/pages\/836\/revisions"}],"predecessor-version":[{"id":944,"href":"https:\/\/frogengineering.com\/en\/wp-json\/wp\/v2\/pages\/836\/revisions\/944"}],"wp:attachment":[{"href":"https:\/\/frogengineering.com\/en\/wp-json\/wp\/v2\/media?parent=836"}],"curies":[{"name":"wp","href":"https:\/\/api.w.org\/{rel}","templated":true}]}}