{"id":905,"date":"2021-05-27T11:00:04","date_gmt":"2021-05-27T16:00:04","guid":{"rendered":"https:\/\/frogengineering.com\/?page_id=905"},"modified":"2023-07-06T15:59:04","modified_gmt":"2023-07-06T20:59:04","slug":"gabinetes-de-pared","status":"publish","type":"page","link":"https:\/\/frogengineering.com\/en\/gabinetes-de-pared","title":{"rendered":"Wall mount cabinets"},"content":{"rendered":"<p><img loading=\"lazy\" decoding=\"async\" data-attachment-id=\"966\" data-permalink=\"https:\/\/frogengineering.com\/en\/gabinetes-de-pared\/attachment\/com-box\" data-orig-file=\"https:\/\/frogengineering.com\/wp-content\/uploads\/2021\/06\/COM-BOX.png\" data-orig-size=\"2132,687\" data-comments-opened=\"1\" data-image-meta=\"{&quot;aperture&quot;:&quot;0&quot;,&quot;credit&quot;:&quot;&quot;,&quot;camera&quot;:&quot;&quot;,&quot;caption&quot;:&quot;&quot;,&quot;created_timestamp&quot;:&quot;0&quot;,&quot;copyright&quot;:&quot;&quot;,&quot;focal_length&quot;:&quot;0&quot;,&quot;iso&quot;:&quot;0&quot;,&quot;shutter_speed&quot;:&quot;0&quot;,&quot;title&quot;:&quot;&quot;,&quot;orientation&quot;:&quot;0&quot;}\" data-image-title=\"COM-BOX\" data-image-description=\"\" data-image-caption=\"\" data-large-file=\"https:\/\/frogengineering.com\/wp-content\/uploads\/2021\/06\/COM-BOX-1024x330.png\" class=\"alignnone wp-image-966 aligncenter\" src=\"https:\/\/frogengineering.com\/wp-content\/uploads\/2021\/06\/COM-BOX-1024x330.png\" alt=\"\" width=\"1092\" height=\"353\" srcset=\"https:\/\/frogengineering.com\/wp-content\/uploads\/2021\/06\/COM-BOX-1024x330.png 1024w, https:\/\/frogengineering.com\/wp-content\/uploads\/2021\/06\/COM-BOX-300x97.png 300w, https:\/\/frogengineering.com\/wp-content\/uploads\/2021\/06\/COM-BOX-768x247.png 768w, https:\/\/frogengineering.com\/wp-content\/uploads\/2021\/06\/COM-BOX-1536x495.png 1536w, https:\/\/frogengineering.com\/wp-content\/uploads\/2021\/06\/COM-BOX-2048x660.png 2048w, https:\/\/frogengineering.com\/wp-content\/uploads\/2021\/06\/COM-BOX-16x5.png 16w, https:\/\/frogengineering.com\/wp-content\/uploads\/2021\/06\/COM-BOX-795x256.png 795w\" sizes=\"auto, (max-width: 1092px) 100vw, 1092px\" \/><\/p>\n<p>&nbsp;<\/p>\n<p>The wall cabinets are specially designed for small business, SOHO, schools etc.<\/p>\n<p>The fact that they are of low capacity does not imply that you should not offer special attention to detail or that you can only choose a very limited list of options. The needs of these clients are the same as those of large corporations, the only thing that changes is the scale.<\/p>\n<p>&nbsp;<\/p>\n<p>&nbsp;<\/p>\n<p style=\"text-align: center;\"><a href=\"https:\/\/frogengineering.com\/wp-content\/uploads\/2021\/06\/Com-Box-SINGLE-BODY-WALL-CABINET.pdf\">Com-Box SINGLE BODY WALL CABINET<\/a><\/p>\n<p>&nbsp;<\/p>\n<p style=\"text-align: center;\"><a href=\"https:\/\/frogengineering.com\/wp-content\/uploads\/2022\/02\/Frog-Engineering-Double-Section-Com-Box_REV.pdf\">Com-Box DOUBLE SECTION WALL CABINETS<\/a><\/p>\n<p>&nbsp;<\/p>\n<p style=\"text-align: center;\"><a href=\"https:\/\/frogengineering.com\/wp-content\/uploads\/2023\/07\/Frog-Double-Section-ComBox-H-15U_Reversible.pdf\">Frog &#8211; Double Section ComBox H-15U_Reversible<\/a><\/p>","protected":false},"excerpt":{"rendered":"<p>&nbsp; Los gabinetes de pared est\u00e1n especialmente dise\u00f1ados para peque\u00f1os negocios, SOHO, escuelas etc. El hecho de que sean de baja capacidad no implica que no se deba ofrecer especial atenci\u00f3n al detalle o que solamente se pueda optar a una lista muy limitada de opciones. Las necesidades de estos clientes son las mismas que&#8230;<\/p>","protected":false},"author":3,"featured_media":0,"parent":0,"menu_order":0,"comment_status":"closed","ping_status":"closed","template":"","meta":{"footnotes":""},"class_list":["post-905","page","type-page","status-publish","hentry"],"jetpack_sharing_enabled":true,"_links":{"self":[{"href":"https:\/\/frogengineering.com\/en\/wp-json\/wp\/v2\/pages\/905","targetHints":{"allow":["GET"]}}],"collection":[{"href":"https:\/\/frogengineering.com\/en\/wp-json\/wp\/v2\/pages"}],"about":[{"href":"https:\/\/frogengineering.com\/en\/wp-json\/wp\/v2\/types\/page"}],"author":[{"embeddable":true,"href":"https:\/\/frogengineering.com\/en\/wp-json\/wp\/v2\/users\/3"}],"replies":[{"embeddable":true,"href":"https:\/\/frogengineering.com\/en\/wp-json\/wp\/v2\/comments?post=905"}],"version-history":[{"count":8,"href":"https:\/\/frogengineering.com\/en\/wp-json\/wp\/v2\/pages\/905\/revisions"}],"predecessor-version":[{"id":4404,"href":"https:\/\/frogengineering.com\/en\/wp-json\/wp\/v2\/pages\/905\/revisions\/4404"}],"wp:attachment":[{"href":"https:\/\/frogengineering.com\/en\/wp-json\/wp\/v2\/media?parent=905"}],"curies":[{"name":"wp","href":"https:\/\/api.w.org\/{rel}","templated":true}]}}