{"id":922,"date":"2021-05-27T19:18:04","date_gmt":"2021-05-28T00:18:04","guid":{"rendered":"https:\/\/frogengineering.com\/?page_id=922"},"modified":"2022-05-25T14:45:27","modified_gmt":"2022-05-25T19:45:27","slug":"odf-de-cliente-final-1-2-ru","status":"publish","type":"page","link":"https:\/\/frogengineering.com\/en\/odf-de-cliente-final-1-2-ru","title":{"rendered":"ODF Economy Line"},"content":{"rendered":"<p><img loading=\"lazy\" decoding=\"async\" data-attachment-id=\"959\" data-permalink=\"https:\/\/frogengineering.com\/en\/odf-de-cliente-final-1-2-ru\/attachment\/fpp-200\" data-orig-file=\"https:\/\/frogengineering.com\/wp-content\/uploads\/2021\/06\/fpp-200.png\" data-orig-size=\"1236,350\" data-comments-opened=\"1\" data-image-meta=\"{&quot;aperture&quot;:&quot;0&quot;,&quot;credit&quot;:&quot;&quot;,&quot;camera&quot;:&quot;&quot;,&quot;caption&quot;:&quot;&quot;,&quot;created_timestamp&quot;:&quot;0&quot;,&quot;copyright&quot;:&quot;&quot;,&quot;focal_length&quot;:&quot;0&quot;,&quot;iso&quot;:&quot;0&quot;,&quot;shutter_speed&quot;:&quot;0&quot;,&quot;title&quot;:&quot;&quot;,&quot;orientation&quot;:&quot;0&quot;}\" data-image-title=\"fpp-200\" data-image-description=\"\" data-image-caption=\"\" data-large-file=\"https:\/\/frogengineering.com\/wp-content\/uploads\/2021\/06\/fpp-200-1024x290.png\" class=\"alignnone size-large wp-image-959 aligncenter\" src=\"https:\/\/frogengineering.com\/wp-content\/uploads\/2021\/06\/fpp-200-1024x290.png\" alt=\"\" width=\"1024\" height=\"290\" srcset=\"https:\/\/frogengineering.com\/wp-content\/uploads\/2021\/06\/fpp-200-1024x290.png 1024w, https:\/\/frogengineering.com\/wp-content\/uploads\/2021\/06\/fpp-200-300x85.png 300w, https:\/\/frogengineering.com\/wp-content\/uploads\/2021\/06\/fpp-200-768x217.png 768w, https:\/\/frogengineering.com\/wp-content\/uploads\/2021\/06\/fpp-200-16x5.png 16w, https:\/\/frogengineering.com\/wp-content\/uploads\/2021\/06\/fpp-200-795x225.png 795w, https:\/\/frogengineering.com\/wp-content\/uploads\/2021\/06\/fpp-200.png 1236w\" sizes=\"auto, (max-width: 1024px) 100vw, 1024px\" \/><\/p>\n<p>&nbsp;<\/p>\n<p>&nbsp;<\/p>\n<p>If what is required is an inexpensive fiber panel that provides termination and splicing with superior cable management, then you don't have to go any further. Economic does not mean simple, as our ODF has the features of panels that cost several times its price, such as angled retainers that smooth the exit angle of patch cords and pigtails to respect bend radii and provide efficient cable management.<\/p>\n<p>&nbsp;<\/p>\n<p style=\"text-align: center;\"><a href=\"https:\/\/frogengineering.com\/wp-content\/uploads\/2021\/06\/M-Type-Fiber-Optics.pdf\">M Type ODF<\/a><\/p>\n<p style=\"text-align: center;\"><a href=\"https:\/\/frogengineering.com\/wp-content\/uploads\/2021\/11\/Frog-R-Type-Fiber-Optics.pdf\">R Type ODF<\/a><\/p>\n<p style=\"text-align: center;\"><a href=\"https:\/\/frogengineering.com\/wp-content\/uploads\/2022\/05\/OFBB.pdf\">OFBB<\/a><\/p>","protected":false},"excerpt":{"rendered":"<p>&nbsp; &nbsp; Si lo que se requiere es un panel de fibra econ\u00f3mico que proporcione terminaci\u00f3n y empalme con superior gesti\u00f3n de cableado, no hace falta ir m\u00e1s lejos. Econ\u00f3mico no significa simple, pues nuestro ODF tiene caracter\u00edsticas de paneles que cuestan varias veces su precio, como los retenedores angulados que suavizan el \u00e1ngulo de&#8230;<\/p>","protected":false},"author":3,"featured_media":0,"parent":0,"menu_order":0,"comment_status":"closed","ping_status":"closed","template":"","meta":{"footnotes":""},"class_list":["post-922","page","type-page","status-publish","hentry"],"jetpack_sharing_enabled":true,"_links":{"self":[{"href":"https:\/\/frogengineering.com\/en\/wp-json\/wp\/v2\/pages\/922","targetHints":{"allow":["GET"]}}],"collection":[{"href":"https:\/\/frogengineering.com\/en\/wp-json\/wp\/v2\/pages"}],"about":[{"href":"https:\/\/frogengineering.com\/en\/wp-json\/wp\/v2\/types\/page"}],"author":[{"embeddable":true,"href":"https:\/\/frogengineering.com\/en\/wp-json\/wp\/v2\/users\/3"}],"replies":[{"embeddable":true,"href":"https:\/\/frogengineering.com\/en\/wp-json\/wp\/v2\/comments?post=922"}],"version-history":[{"count":9,"href":"https:\/\/frogengineering.com\/en\/wp-json\/wp\/v2\/pages\/922\/revisions"}],"predecessor-version":[{"id":4352,"href":"https:\/\/frogengineering.com\/en\/wp-json\/wp\/v2\/pages\/922\/revisions\/4352"}],"wp:attachment":[{"href":"https:\/\/frogengineering.com\/en\/wp-json\/wp\/v2\/media?parent=922"}],"curies":[{"name":"wp","href":"https:\/\/api.w.org\/{rel}","templated":true}]}}