{"id":934,"date":"2021-06-03T10:20:52","date_gmt":"2021-06-03T15:20:52","guid":{"rendered":"https:\/\/frogengineering.com\/?page_id=934"},"modified":"2023-07-04T14:49:14","modified_gmt":"2023-07-04T19:49:14","slug":"gabinetes-de-planta-externa","status":"publish","type":"page","link":"https:\/\/frogengineering.com\/en\/gabinetes-de-planta-externa","title":{"rendered":"OSP Cabinets"},"content":{"rendered":"<p>Si lo que se necesita es protecci\u00f3n contra los elementos medio ambientales para sus equipos en instalaciones en el exterior, est\u00e1 en el sitio adecuado. Nuestros gabinetes le ofrecen protecci\u00f3n contra polvo, lluvia, vandalismo, grafiti, corrosi\u00f3n, etc.<\/p>\n<p>Con capacidad de fabricar de acuerdo con sus especificaciones, es seguro que le vamos a poder brindar la soluci\u00f3n personalizada, adecuada a sus necesidades.<\/p>\n<p>&nbsp;<\/p>\n<p style=\"text-align: center;\"><a href=\"https:\/\/frogengineering.com\/wp-content\/uploads\/2021\/06\/IP65-H-41U-800x800-1.pdf\">IP65 H-41U 800&#215;800<\/a><\/p>\n<p style=\"text-align: center;\"><a href=\"https:\/\/frogengineering.com\/wp-content\/uploads\/2023\/07\/Frog-Engineering-Pole-Type-Cabinet-H-634-W-600-D-400_REV5.pdf\">Frog Engineering &#8211; Gabinete para postes<\/a><\/p>","protected":false},"excerpt":{"rendered":"<p>Si lo que se necesita es protecci\u00f3n contra los elementos medio ambientales para sus equipos en instalaciones en el exterior, est\u00e1 en el sitio adecuado. Nuestros gabinetes le ofrecen protecci\u00f3n contra polvo, lluvia, vandalismo, grafiti, corrosi\u00f3n, etc. Con capacidad de fabricar de acuerdo con sus especificaciones, es seguro que le vamos a poder brindar la&#8230;<\/p>","protected":false},"author":3,"featured_media":0,"parent":0,"menu_order":0,"comment_status":"closed","ping_status":"closed","template":"","meta":{"footnotes":""},"class_list":["post-934","page","type-page","status-publish","hentry"],"jetpack_sharing_enabled":true,"_links":{"self":[{"href":"https:\/\/frogengineering.com\/en\/wp-json\/wp\/v2\/pages\/934","targetHints":{"allow":["GET"]}}],"collection":[{"href":"https:\/\/frogengineering.com\/en\/wp-json\/wp\/v2\/pages"}],"about":[{"href":"https:\/\/frogengineering.com\/en\/wp-json\/wp\/v2\/types\/page"}],"author":[{"embeddable":true,"href":"https:\/\/frogengineering.com\/en\/wp-json\/wp\/v2\/users\/3"}],"replies":[{"embeddable":true,"href":"https:\/\/frogengineering.com\/en\/wp-json\/wp\/v2\/comments?post=934"}],"version-history":[{"count":7,"href":"https:\/\/frogengineering.com\/en\/wp-json\/wp\/v2\/pages\/934\/revisions"}],"predecessor-version":[{"id":4400,"href":"https:\/\/frogengineering.com\/en\/wp-json\/wp\/v2\/pages\/934\/revisions\/4400"}],"wp:attachment":[{"href":"https:\/\/frogengineering.com\/en\/wp-json\/wp\/v2\/media?parent=934"}],"curies":[{"name":"wp","href":"https:\/\/api.w.org\/{rel}","templated":true}]}}