{"id":953,"date":"2021-06-08T08:05:48","date_gmt":"2021-06-08T13:05:48","guid":{"rendered":"https:\/\/frogengineering.com\/?page_id=953"},"modified":"2024-01-03T20:29:36","modified_gmt":"2024-01-04T01:29:36","slug":"linea-de-paneles-de-acceso-frontal","status":"publish","type":"page","link":"https:\/\/frogengineering.com\/en\/linea-de-paneles-de-acceso-frontal","title":{"rendered":"All front access fiber panels"},"content":{"rendered":"<p><img loading=\"lazy\" decoding=\"async\" data-attachment-id=\"955\" data-permalink=\"https:\/\/frogengineering.com\/en\/linea-de-paneles-de-acceso-frontal\/attachment\/789\" data-orig-file=\"https:\/\/frogengineering.com\/wp-content\/uploads\/2021\/06\/789.png\" data-orig-size=\"4025,2546\" data-comments-opened=\"1\" data-image-meta=\"{&quot;aperture&quot;:&quot;0&quot;,&quot;credit&quot;:&quot;&quot;,&quot;camera&quot;:&quot;&quot;,&quot;caption&quot;:&quot;&quot;,&quot;created_timestamp&quot;:&quot;0&quot;,&quot;copyright&quot;:&quot;&quot;,&quot;focal_length&quot;:&quot;0&quot;,&quot;iso&quot;:&quot;0&quot;,&quot;shutter_speed&quot;:&quot;0&quot;,&quot;title&quot;:&quot;&quot;,&quot;orientation&quot;:&quot;0&quot;}\" data-image-title=\"789\" data-image-description=\"\" data-image-caption=\"\" data-large-file=\"https:\/\/frogengineering.com\/wp-content\/uploads\/2021\/06\/789-1024x648.png\" class=\"wp-image-955 aligncenter\" src=\"https:\/\/frogengineering.com\/wp-content\/uploads\/2021\/06\/789-1024x648.png\" alt=\"\" width=\"661\" height=\"419\" srcset=\"https:\/\/frogengineering.com\/wp-content\/uploads\/2021\/06\/789-1024x648.png 1024w, https:\/\/frogengineering.com\/wp-content\/uploads\/2021\/06\/789-300x190.png 300w, https:\/\/frogengineering.com\/wp-content\/uploads\/2021\/06\/789-768x486.png 768w, https:\/\/frogengineering.com\/wp-content\/uploads\/2021\/06\/789-1536x972.png 1536w\" sizes=\"auto, (max-width: 661px) 100vw, 661px\" \/><\/p>\n<p>&nbsp;<\/p>\n<p>&nbsp;<\/p>\n<p>For ETSI compliant applications, where there are closed, flush, and back-to-back cabinets, front access panels are required. This panel is already a classic, and as such it could not be missing in our product line.<\/p>\n<p>&nbsp;<\/p>\n<p style=\"text-align: center;\"><a href=\"https:\/\/frogengineering.com\/wp-content\/uploads\/2024\/01\/OFEB.pdf\">OFEB<\/a><\/p>\n<p>&nbsp;<\/p>\n<p style=\"text-align: center;\">","protected":false},"excerpt":{"rendered":"<p>&nbsp; &nbsp; Para aplicaciones que cumplan con el est\u00e1ndar de ETSI, donde hay gabinetes cerrados, alineados y adosados por la espalda, es necesario contar con paneles de acceso frontal. Este panel ya es un cl\u00e1sico, y como tal no pod\u00eda faltar en nuestra l\u00ednea de productos. &nbsp; OFEB &nbsp;<\/p>","protected":false},"author":3,"featured_media":0,"parent":0,"menu_order":0,"comment_status":"closed","ping_status":"closed","template":"","meta":{"footnotes":""},"class_list":["post-953","page","type-page","status-publish","hentry"],"jetpack_sharing_enabled":true,"_links":{"self":[{"href":"https:\/\/frogengineering.com\/en\/wp-json\/wp\/v2\/pages\/953","targetHints":{"allow":["GET"]}}],"collection":[{"href":"https:\/\/frogengineering.com\/en\/wp-json\/wp\/v2\/pages"}],"about":[{"href":"https:\/\/frogengineering.com\/en\/wp-json\/wp\/v2\/types\/page"}],"author":[{"embeddable":true,"href":"https:\/\/frogengineering.com\/en\/wp-json\/wp\/v2\/users\/3"}],"replies":[{"embeddable":true,"href":"https:\/\/frogengineering.com\/en\/wp-json\/wp\/v2\/comments?post=953"}],"version-history":[{"count":5,"href":"https:\/\/frogengineering.com\/en\/wp-json\/wp\/v2\/pages\/953\/revisions"}],"predecessor-version":[{"id":4445,"href":"https:\/\/frogengineering.com\/en\/wp-json\/wp\/v2\/pages\/953\/revisions\/4445"}],"wp:attachment":[{"href":"https:\/\/frogengineering.com\/en\/wp-json\/wp\/v2\/media?parent=953"}],"curies":[{"name":"wp","href":"https:\/\/api.w.org\/{rel}","templated":true}]}}